{"id":6697,"date":"2022-09-27T12:51:48","date_gmt":"2022-09-27T12:51:48","guid":{"rendered":"http:\/\/copicor.com\/product\/photoglobo\/"},"modified":"2023-03-03T12:56:57","modified_gmt":"2023-03-03T12:56:57","slug":"photoglobes","status":"publish","type":"product","link":"http:\/\/copicor.com\/en\/product\/photoglobes\/","title":{"rendered":"Photoglobes"},"content":{"rendered":"<p>Este \u00e9 sem d\u00favida um dos presentes mais surpreendentes e adequados para todas as pessoas e ocasi\u00f5es.<\/p>\n<p>Escolha um dos variados designs que oferecemos, ou recorra \u00e0 nossa equipa de design, onde os nossos profissionais far\u00e3o o design mais apropriado para si e para o seu trabalho.<\/p>\n","protected":false},"excerpt":{"rendered":"<ul>\n<li><strong>Dimens\u00f5es Gerais &#8211; <\/strong>90 x 75 mm<\/li>\n<li><strong>\u00c1rea m\u00e1xima de personaliza\u00e7\u00e3o &#8211;<\/strong> 62 x 69mm<\/li>\n<li><strong>Material:<\/strong> acr\u00edlico<\/li>\n<li>Personaliz\u00e1vel em ambos os lados<\/li>\n<\/ul>\n","protected":false},"featured_media":6894,"template":"","meta":[],"product_cat":[312,355,375,376],"product_tag":[],"class_list":["post-6697","product","type-product","status-publish","has-post-thumbnail","hentry","product_cat-acessorios-personalizados-en","product_cat-photoglobos-en","product_cat-fathers-day","product_cat-valentines-day"],"acf":[],"yoast_head":"<!-- This site is optimized with the Yoast SEO plugin v19.5.1 - https:\/\/yoast.com\/wordpress\/plugins\/seo\/ -->\n<title>Customized Photoglobes in Online Graphics - Copicor<\/title>\n<meta name=\"description\" content=\"This is without a doubt one of the most amazing and suitable gifts for all people and occasions. Choose to customized a photoglobes!\" \/>\n<meta name=\"robots\" content=\"index, follow, max-snippet:-1, max-image-preview:large, max-video-preview:-1\" \/>\n<link rel=\"canonical\" href=\"http:\/\/copicor.com\/en\/product\/photoglobes\/\" \/>\n<meta property=\"og:locale\" content=\"en_US\" \/>\n<meta property=\"og:type\" content=\"article\" \/>\n<meta property=\"og:title\" content=\"Customized Photoglobes in Online Graphics - Copicor\" \/>\n<meta property=\"og:description\" content=\"This is without a doubt one of the most amazing and suitable gifts for all people and occasions. Choose to customized a photoglobes!\" \/>\n<meta property=\"og:url\" content=\"http:\/\/copicor.com\/en\/product\/photoglobes\/\" \/>\n<meta property=\"og:site_name\" content=\"Copicor\" \/>\n<meta property=\"article:modified_time\" content=\"2023-03-03T12:56:57+00:00\" \/>\n<meta property=\"og:image\" content=\"http:\/\/copicor.com\/wp-content\/uploads\/2022\/09\/photoglobo-2.jpg\" \/>\n\t<meta property=\"og:image:width\" content=\"567\" \/>\n\t<meta property=\"og:image:height\" content=\"567\" \/>\n\t<meta property=\"og:image:type\" content=\"image\/jpeg\" \/>\n<meta name=\"twitter:card\" content=\"summary_large_image\" \/>\n<meta name=\"twitter:label1\" content=\"Est. reading time\" \/>\n\t<meta name=\"twitter:data1\" content=\"1 minute\" \/>\n<script type=\"application\/ld+json\" class=\"yoast-schema-graph\">{\"@context\":\"https:\/\/schema.org\",\"@graph\":[{\"@type\":\"WebPage\",\"@id\":\"http:\/\/copicor.com\/en\/product\/photoglobes\/\",\"url\":\"http:\/\/copicor.com\/en\/product\/photoglobes\/\",\"name\":\"Customized Photoglobes in Online Graphics - Copicor\",\"isPartOf\":{\"@id\":\"https:\/\/copicor.com\/#website\"},\"datePublished\":\"2022-09-27T12:51:48+00:00\",\"dateModified\":\"2023-03-03T12:56:57+00:00\",\"description\":\"This is without a doubt one of the most amazing and suitable gifts for all people and occasions. Choose to customized a photoglobes!\",\"breadcrumb\":{\"@id\":\"http:\/\/copicor.com\/en\/product\/photoglobes\/#breadcrumb\"},\"inLanguage\":\"en-US\",\"potentialAction\":[{\"@type\":\"ReadAction\",\"target\":[\"http:\/\/copicor.com\/en\/product\/photoglobes\/\"]}]},{\"@type\":\"BreadcrumbList\",\"@id\":\"http:\/\/copicor.com\/en\/product\/photoglobes\/#breadcrumb\",\"itemListElement\":[{\"@type\":\"ListItem\",\"position\":1,\"name\":\"Home\",\"item\":\"http:\/\/copicor.com\/en\/\"},{\"@type\":\"ListItem\",\"position\":2,\"name\":\"Loja\",\"item\":\"http:\/\/copicor.com\/es\/shop-slug\/\"},{\"@type\":\"ListItem\",\"position\":3,\"name\":\"Photoglobes\"}]},{\"@type\":\"WebSite\",\"@id\":\"https:\/\/copicor.com\/#website\",\"url\":\"https:\/\/copicor.com\/\",\"name\":\"Copicor\",\"description\":\"Copicor - Graphics, Printing and Personalization\",\"potentialAction\":[{\"@type\":\"SearchAction\",\"target\":{\"@type\":\"EntryPoint\",\"urlTemplate\":\"https:\/\/copicor.com\/?s={search_term_string}\"},\"query-input\":\"required name=search_term_string\"}],\"inLanguage\":\"en-US\"}]}<\/script>\n<!-- \/ Yoast SEO plugin. -->","yoast_head_json":{"title":"Customized Photoglobes in Online Graphics - Copicor","description":"This is without a doubt one of the most amazing and suitable gifts for all people and occasions. Choose to customized a photoglobes!","robots":{"index":"index","follow":"follow","max-snippet":"max-snippet:-1","max-image-preview":"max-image-preview:large","max-video-preview":"max-video-preview:-1"},"canonical":"http:\/\/copicor.com\/en\/product\/photoglobes\/","og_locale":"en_US","og_type":"article","og_title":"Customized Photoglobes in Online Graphics - Copicor","og_description":"This is without a doubt one of the most amazing and suitable gifts for all people and occasions. Choose to customized a photoglobes!","og_url":"http:\/\/copicor.com\/en\/product\/photoglobes\/","og_site_name":"Copicor","article_modified_time":"2023-03-03T12:56:57+00:00","og_image":[{"width":567,"height":567,"url":"http:\/\/copicor.com\/wp-content\/uploads\/2022\/09\/photoglobo-2.jpg","type":"image\/jpeg"}],"twitter_card":"summary_large_image","twitter_misc":{"Est. reading time":"1 minute"},"schema":{"@context":"https:\/\/schema.org","@graph":[{"@type":"WebPage","@id":"http:\/\/copicor.com\/en\/product\/photoglobes\/","url":"http:\/\/copicor.com\/en\/product\/photoglobes\/","name":"Customized Photoglobes in Online Graphics - Copicor","isPartOf":{"@id":"https:\/\/copicor.com\/#website"},"datePublished":"2022-09-27T12:51:48+00:00","dateModified":"2023-03-03T12:56:57+00:00","description":"This is without a doubt one of the most amazing and suitable gifts for all people and occasions. Choose to customized a photoglobes!","breadcrumb":{"@id":"http:\/\/copicor.com\/en\/product\/photoglobes\/#breadcrumb"},"inLanguage":"en-US","potentialAction":[{"@type":"ReadAction","target":["http:\/\/copicor.com\/en\/product\/photoglobes\/"]}]},{"@type":"BreadcrumbList","@id":"http:\/\/copicor.com\/en\/product\/photoglobes\/#breadcrumb","itemListElement":[{"@type":"ListItem","position":1,"name":"Home","item":"http:\/\/copicor.com\/en\/"},{"@type":"ListItem","position":2,"name":"Loja","item":"http:\/\/copicor.com\/es\/shop-slug\/"},{"@type":"ListItem","position":3,"name":"Photoglobes"}]},{"@type":"WebSite","@id":"https:\/\/copicor.com\/#website","url":"https:\/\/copicor.com\/","name":"Copicor","description":"Copicor - Graphics, Printing and Personalization","potentialAction":[{"@type":"SearchAction","target":{"@type":"EntryPoint","urlTemplate":"https:\/\/copicor.com\/?s={search_term_string}"},"query-input":"required name=search_term_string"}],"inLanguage":"en-US"}]}},"_links":{"self":[{"href":"http:\/\/copicor.com\/en\/wp-json\/wp\/v2\/product\/6697","targetHints":{"allow":["GET"]}}],"collection":[{"href":"http:\/\/copicor.com\/en\/wp-json\/wp\/v2\/product"}],"about":[{"href":"http:\/\/copicor.com\/en\/wp-json\/wp\/v2\/types\/product"}],"wp:featuredmedia":[{"embeddable":true,"href":"http:\/\/copicor.com\/en\/wp-json\/wp\/v2\/media\/6894"}],"wp:attachment":[{"href":"http:\/\/copicor.com\/en\/wp-json\/wp\/v2\/media?parent=6697"}],"wp:term":[{"taxonomy":"product_cat","embeddable":true,"href":"http:\/\/copicor.com\/en\/wp-json\/wp\/v2\/product_cat?post=6697"},{"taxonomy":"product_tag","embeddable":true,"href":"http:\/\/copicor.com\/en\/wp-json\/wp\/v2\/product_tag?post=6697"}],"curies":[{"name":"wp","href":"https:\/\/api.w.org\/{rel}","templated":true}]}}