{"id":4100,"date":"2016-04-02T02:51:54","date_gmt":"2016-04-02T02:51:54","guid":{"rendered":"http:\/\/copicor.com\/carrito\/"},"modified":"2022-11-14T13:43:19","modified_gmt":"2022-11-14T13:43:19","slug":"carrito","status":"publish","type":"page","link":"http:\/\/copicor.com\/es\/carrito\/","title":{"rendered":"Carrito"},"content":{"rendered":"\n","protected":false},"excerpt":{"rendered":"","protected":false},"author":1,"featured_media":0,"parent":0,"menu_order":0,"comment_status":"closed","ping_status":"closed","template":"","meta":{"footnotes":""},"class_list":["post-4100","page","type-page","status-publish","hentry"],"acf":[],"yoast_head":"<!-- This site is optimized with the Yoast SEO plugin v19.5.1 - https:\/\/yoast.com\/wordpress\/plugins\/seo\/ -->\n<title>Carrito de Compras Online en Gr\u00e1fica e Impresi\u00f3n - copicor<\/title>\n<meta name=\"description\" content=\"A\u00f1ade a tu carrito productos personalizados a los mejores precios. Ofrece los mejores regalos con Copicor y habla con nosotros!\" \/>\n<meta name=\"robots\" content=\"index, follow, max-snippet:-1, max-image-preview:large, max-video-preview:-1\" \/>\n<link rel=\"canonical\" href=\"http:\/\/copicor.com\/es\/carrito\/\" \/>\n<meta property=\"og:locale\" content=\"es_ES\" \/>\n<meta property=\"og:type\" content=\"article\" \/>\n<meta property=\"og:title\" content=\"Carrito de Compras Online en Gr\u00e1fica e Impresi\u00f3n - copicor\" \/>\n<meta property=\"og:description\" content=\"A\u00f1ade a tu carrito productos personalizados a los mejores precios. Ofrece los mejores regalos con Copicor y habla con nosotros!\" \/>\n<meta property=\"og:url\" content=\"http:\/\/copicor.com\/es\/carrito\/\" \/>\n<meta property=\"og:site_name\" content=\"Copicor\" \/>\n<meta property=\"article:modified_time\" content=\"2022-11-14T13:43:19+00:00\" \/>\n<meta name=\"twitter:card\" content=\"summary_large_image\" \/>\n<meta name=\"twitter:label1\" content=\"Tiempo de lectura\" \/>\n\t<meta name=\"twitter:data1\" content=\"1 minuto\" \/>\n<script type=\"application\/ld+json\" class=\"yoast-schema-graph\">{\"@context\":\"https:\/\/schema.org\",\"@graph\":[{\"@type\":\"WebPage\",\"@id\":\"http:\/\/copicor.com\/es\/carrito\/\",\"url\":\"http:\/\/copicor.com\/es\/carrito\/\",\"name\":\"Carrito de Compras Online en Gr\u00e1fica e Impresi\u00f3n - copicor\",\"isPartOf\":{\"@id\":\"https:\/\/copicor.com\/#website\"},\"datePublished\":\"2016-04-02T02:51:54+00:00\",\"dateModified\":\"2022-11-14T13:43:19+00:00\",\"description\":\"A\u00f1ade a tu carrito productos personalizados a los mejores precios. Ofrece los mejores regalos con Copicor y habla con nosotros!\",\"breadcrumb\":{\"@id\":\"http:\/\/copicor.com\/es\/carrito\/#breadcrumb\"},\"inLanguage\":\"es\",\"potentialAction\":[{\"@type\":\"ReadAction\",\"target\":[\"http:\/\/copicor.com\/es\/carrito\/\"]}]},{\"@type\":\"BreadcrumbList\",\"@id\":\"http:\/\/copicor.com\/es\/carrito\/#breadcrumb\",\"itemListElement\":[{\"@type\":\"ListItem\",\"position\":1,\"name\":\"Home\",\"item\":\"http:\/\/copicor.com\/es\/\"},{\"@type\":\"ListItem\",\"position\":2,\"name\":\"Carrito\"}]},{\"@type\":\"WebSite\",\"@id\":\"https:\/\/copicor.com\/#website\",\"url\":\"https:\/\/copicor.com\/\",\"name\":\"Copicor\",\"description\":\"Copicor - Gr\u00e1ficos, Impresi\u00f3n y Personalizaci\u00f3n\",\"potentialAction\":[{\"@type\":\"SearchAction\",\"target\":{\"@type\":\"EntryPoint\",\"urlTemplate\":\"https:\/\/copicor.com\/?s={search_term_string}\"},\"query-input\":\"required name=search_term_string\"}],\"inLanguage\":\"es\"}]}<\/script>\n<!-- \/ Yoast SEO plugin. -->","yoast_head_json":{"title":"Carrito de Compras Online en Gr\u00e1fica e Impresi\u00f3n - copicor","description":"A\u00f1ade a tu carrito productos personalizados a los mejores precios. Ofrece los mejores regalos con Copicor y habla con nosotros!","robots":{"index":"index","follow":"follow","max-snippet":"max-snippet:-1","max-image-preview":"max-image-preview:large","max-video-preview":"max-video-preview:-1"},"canonical":"http:\/\/copicor.com\/es\/carrito\/","og_locale":"es_ES","og_type":"article","og_title":"Carrito de Compras Online en Gr\u00e1fica e Impresi\u00f3n - copicor","og_description":"A\u00f1ade a tu carrito productos personalizados a los mejores precios. Ofrece los mejores regalos con Copicor y habla con nosotros!","og_url":"http:\/\/copicor.com\/es\/carrito\/","og_site_name":"Copicor","article_modified_time":"2022-11-14T13:43:19+00:00","twitter_card":"summary_large_image","twitter_misc":{"Tiempo de lectura":"1 minuto"},"schema":{"@context":"https:\/\/schema.org","@graph":[{"@type":"WebPage","@id":"http:\/\/copicor.com\/es\/carrito\/","url":"http:\/\/copicor.com\/es\/carrito\/","name":"Carrito de Compras Online en Gr\u00e1fica e Impresi\u00f3n - copicor","isPartOf":{"@id":"https:\/\/copicor.com\/#website"},"datePublished":"2016-04-02T02:51:54+00:00","dateModified":"2022-11-14T13:43:19+00:00","description":"A\u00f1ade a tu carrito productos personalizados a los mejores precios. Ofrece los mejores regalos con Copicor y habla con nosotros!","breadcrumb":{"@id":"http:\/\/copicor.com\/es\/carrito\/#breadcrumb"},"inLanguage":"es","potentialAction":[{"@type":"ReadAction","target":["http:\/\/copicor.com\/es\/carrito\/"]}]},{"@type":"BreadcrumbList","@id":"http:\/\/copicor.com\/es\/carrito\/#breadcrumb","itemListElement":[{"@type":"ListItem","position":1,"name":"Home","item":"http:\/\/copicor.com\/es\/"},{"@type":"ListItem","position":2,"name":"Carrito"}]},{"@type":"WebSite","@id":"https:\/\/copicor.com\/#website","url":"https:\/\/copicor.com\/","name":"Copicor","description":"Copicor - Gr\u00e1ficos, Impresi\u00f3n y Personalizaci\u00f3n","potentialAction":[{"@type":"SearchAction","target":{"@type":"EntryPoint","urlTemplate":"https:\/\/copicor.com\/?s={search_term_string}"},"query-input":"required name=search_term_string"}],"inLanguage":"es"}]}},"_links":{"self":[{"href":"http:\/\/copicor.com\/es\/wp-json\/wp\/v2\/pages\/4100","targetHints":{"allow":["GET"]}}],"collection":[{"href":"http:\/\/copicor.com\/es\/wp-json\/wp\/v2\/pages"}],"about":[{"href":"http:\/\/copicor.com\/es\/wp-json\/wp\/v2\/types\/page"}],"author":[{"embeddable":true,"href":"http:\/\/copicor.com\/es\/wp-json\/wp\/v2\/users\/1"}],"replies":[{"embeddable":true,"href":"http:\/\/copicor.com\/es\/wp-json\/wp\/v2\/comments?post=4100"}],"version-history":[{"count":1,"href":"http:\/\/copicor.com\/es\/wp-json\/wp\/v2\/pages\/4100\/revisions"}],"predecessor-version":[{"id":7375,"href":"http:\/\/copicor.com\/es\/wp-json\/wp\/v2\/pages\/4100\/revisions\/7375"}],"wp:attachment":[{"href":"http:\/\/copicor.com\/es\/wp-json\/wp\/v2\/media?parent=4100"}],"curies":[{"name":"wp","href":"https:\/\/api.w.org\/{rel}","templated":true}]}}