{"id":4645,"date":"2022-04-19T17:55:04","date_gmt":"2022-04-19T17:55:04","guid":{"rendered":"http:\/\/copicor.com\/sobre-nos\/"},"modified":"2022-11-15T11:44:20","modified_gmt":"2022-11-15T11:44:20","slug":"sobre-nosotros-imprenta-online","status":"publish","type":"page","link":"http:\/\/copicor.com\/es\/sobre-nosotros-imprenta-online\/","title":{"rendered":"Sobre nosotros"},"content":{"rendered":"<div id=\"pl-4645\"  class=\"panel-layout\" ><div id=\"pg-4645-0\"  class=\"panel-grid panel-no-style\" ><div id=\"pgc-4645-0-0\"  class=\"panel-grid-cell\" ><div id=\"panel-4645-0-0-0\" class=\"so-panel widget widget_spacer panel-first-child panel-last-child\" data-index=\"0\" ><div class=\"so-widget-spacer so-widget-spacer-spacer-style-d75171398898-4645\">\r\n\r\n\r\n\r\n\r\n<div class=\"spacer\" style=\"height: 20px\">\r\n<\/div><\/div><\/div><\/div><\/div><div id=\"pg-4645-1\"  class=\"panel-grid panel-no-style\" ><div id=\"pgc-4645-1-0\"  class=\"panel-grid-cell\" ><div id=\"panel-4645-1-0-0\" class=\"so-panel widget widget_text panel-first-child panel-last-child\" data-index=\"1\" >\t\t\t<div class=\"textwidget\"><p>Copicor.com es una empresa portuguesa creada en Valen\u00e7a do Minho en 2004.<br \/>\nSiempre hemos estado involucrados en la producci\u00f3n general de gr\u00e1ficos r\u00e1pidos, y actualmente tambi\u00e9n nos especializamos en art\u00edculos personalizados.<br \/>\nProponemos soluciones adecuadas y m\u00e1s innovadoras a las necesidades de empresas y particulares, ya que todos los productos se pueden personalizar con una foto, dibujo, imagen, totalmente a tu gusto, y as\u00ed crear un regalo totalmente personal, \u00fanico y exclusivo.<br \/>\nGracias a la personalizaci\u00f3n, podr\u00e1s crear regalos y obsequios originales y \u00fanicos, que podr\u00e1s regalar en cualquier ocasi\u00f3n: Cumplea\u00f1os, D\u00eda de la Madre, D\u00eda del Padre, San Valent\u00edn, Navidad, Bodas, Bautizos, y todo tipo de celebraciones.<br \/>\nTrabajamos con m\u00e1quinas de alta calidad para la personalizaci\u00f3n, y tenemos nuestro equipo de profesionales especializados en diferentes \u00e1reas.<\/p>\n<\/div>\n\t\t<\/div><\/div><div id=\"pgc-4645-1-1\"  class=\"panel-grid-cell\" ><div id=\"panel-4645-1-1-0\" class=\"so-panel widget widget_text panel-first-child panel-last-child\" data-index=\"2\" >\t\t\t<div class=\"textwidget\"><p>En nuestro cat\u00e1logo podr\u00e1 encontrar los productos m\u00e1s variados de: tarjetas de visita, folletos, carteles, calendarios, men\u00fas, invitaciones, vinilos autoadhesivos, lona, tela, encuadernaci\u00f3n artesanal, sellos, camisetas, tazas, puzzles, llaveros, cubos, entre otros productos variados.<br \/>\nPara crear su regalo personalizado debe utilizar nuestro editor en l\u00ednea. Es un editor f\u00e1cil de usar y muy intuitivo. Elija sus fotos, im\u00e1genes, dibujos o textos que desea personalizar y a\u00f1\u00e1delos al editor. Antes de finalizar la personalizaci\u00f3n, puede comprobar el resultado final de su creaci\u00f3n.<br \/>\nSabemos que lo m\u00e1s importante para realizar compras online es la confianza, por eso debes saber que somos una empresa con muchos a\u00f1os de experiencia.<br \/>\nContamos con plataformas de pago seguras, puedes pagar tus pedidos mediante Paypal, Referencia de Cajero Autom\u00e1tico o MBWay.<br \/>\nRealizamos env\u00edos a Portugal continental y Espa\u00f1a (Pen\u00ednsula).\u00a0Para cualquier aclaraci\u00f3n puede contactarnos mediante el formulario de contacto o v\u00eda chat online en horario comercial.<br \/>\n\u201cMultiplicamos sonrisas\u201d, es el lema principal de nuestra empresa, y nuestro objetivo es que disfrutes de tus pedidos con seguridad, confianza y tranquilidad.<\/p>\n<\/div>\n\t\t<\/div><\/div><\/div><div id=\"pg-4645-2\"  class=\"panel-grid panel-no-style\" ><div id=\"pgc-4645-2-0\"  class=\"panel-grid-cell\" ><div id=\"panel-4645-2-0-0\" class=\"so-panel widget widget_spacer panel-first-child panel-last-child\" data-index=\"3\" ><div class=\"so-widget-spacer so-widget-spacer-spacer-style-d75171398898-4645\">\r\n\r\n\r\n\r\n\r\n<div class=\"spacer\" style=\"height: 40px\">\r\n<\/div><\/div><\/div><\/div><\/div><\/div>","protected":false},"excerpt":{"rendered":"<p>Copicor.com es una empresa portuguesa creada en Valen\u00e7a do Minho en 2004. Siempre hemos estado involucrados en la producci\u00f3n general de gr\u00e1ficos r\u00e1pidos, y actualmente tambi\u00e9n nos especializamos en art\u00edculos personalizados. Proponemos soluciones adecuadas y m\u00e1s innovadoras a las necesidades de empresas y particulares, ya que todos los productos se pueden personalizar con una foto, [&hellip;]<\/p>\n","protected":false},"author":1,"featured_media":6992,"parent":0,"menu_order":0,"comment_status":"closed","ping_status":"closed","template":"template-sobrenos.php","meta":{"footnotes":""},"class_list":["post-4645","page","type-page","status-publish","has-post-thumbnail","hentry"],"acf":[],"yoast_head":"<!-- This site is optimized with the Yoast SEO plugin v19.5.1 - https:\/\/yoast.com\/wordpress\/plugins\/seo\/ -->\n<title>Imprenta Online | Copicor - Art\u00edculos Personalizados en las Azores<\/title>\n<meta name=\"description\" content=\"Siempre hemos estado involucrados en la producci\u00f3n general de gr\u00e1ficos r\u00e1pidos, y actualmente nos especializamos en art\u00edculos personalizados.\" \/>\n<meta name=\"robots\" content=\"index, follow, max-snippet:-1, max-image-preview:large, max-video-preview:-1\" \/>\n<link rel=\"canonical\" href=\"http:\/\/copicor.com\/es\/sobre-nosotros-imprenta-online\/\" \/>\n<meta property=\"og:locale\" content=\"es_ES\" \/>\n<meta property=\"og:type\" content=\"article\" \/>\n<meta property=\"og:title\" content=\"Imprenta Online | Copicor - Art\u00edculos Personalizados en las Azores\" \/>\n<meta property=\"og:description\" content=\"Siempre hemos estado involucrados en la producci\u00f3n general de gr\u00e1ficos r\u00e1pidos, y actualmente nos especializamos en art\u00edculos personalizados.\" \/>\n<meta property=\"og:url\" content=\"http:\/\/copicor.com\/es\/sobre-nosotros-imprenta-online\/\" \/>\n<meta property=\"og:site_name\" content=\"Copicor\" \/>\n<meta property=\"article:modified_time\" content=\"2022-11-15T11:44:20+00:00\" \/>\n<meta property=\"og:image\" content=\"http:\/\/copicor.com\/wp-content\/uploads\/2022\/09\/23206718-6743764-scaled.jpg\" \/>\n\t<meta property=\"og:image:width\" content=\"2560\" \/>\n\t<meta property=\"og:image:height\" content=\"2560\" \/>\n\t<meta property=\"og:image:type\" content=\"image\/jpeg\" \/>\n<meta name=\"twitter:card\" content=\"summary_large_image\" \/>\n<meta name=\"twitter:label1\" content=\"Tiempo de lectura\" \/>\n\t<meta name=\"twitter:data1\" content=\"2 minutos\" \/>\n<script type=\"application\/ld+json\" class=\"yoast-schema-graph\">{\"@context\":\"https:\/\/schema.org\",\"@graph\":[{\"@type\":\"WebPage\",\"@id\":\"http:\/\/copicor.com\/es\/sobre-nosotros-imprenta-online\/\",\"url\":\"http:\/\/copicor.com\/es\/sobre-nosotros-imprenta-online\/\",\"name\":\"Imprenta Online | Copicor - Art\u00edculos Personalizados en las Azores\",\"isPartOf\":{\"@id\":\"https:\/\/copicor.com\/#website\"},\"datePublished\":\"2022-04-19T17:55:04+00:00\",\"dateModified\":\"2022-11-15T11:44:20+00:00\",\"description\":\"Siempre hemos estado involucrados en la producci\u00f3n general de gr\u00e1ficos r\u00e1pidos, y actualmente nos especializamos en art\u00edculos personalizados.\",\"breadcrumb\":{\"@id\":\"http:\/\/copicor.com\/es\/sobre-nosotros-imprenta-online\/#breadcrumb\"},\"inLanguage\":\"es\",\"potentialAction\":[{\"@type\":\"ReadAction\",\"target\":[\"http:\/\/copicor.com\/es\/sobre-nosotros-imprenta-online\/\"]}]},{\"@type\":\"BreadcrumbList\",\"@id\":\"http:\/\/copicor.com\/es\/sobre-nosotros-imprenta-online\/#breadcrumb\",\"itemListElement\":[{\"@type\":\"ListItem\",\"position\":1,\"name\":\"Home\",\"item\":\"https:\/\/copicor.com\/es\/\"},{\"@type\":\"ListItem\",\"position\":2,\"name\":\"Sobre nosotros\"}]},{\"@type\":\"WebSite\",\"@id\":\"https:\/\/copicor.com\/#website\",\"url\":\"https:\/\/copicor.com\/\",\"name\":\"Copicor\",\"description\":\"Copicor - Gr\u00e1ficos, Impresi\u00f3n y Personalizaci\u00f3n\",\"potentialAction\":[{\"@type\":\"SearchAction\",\"target\":{\"@type\":\"EntryPoint\",\"urlTemplate\":\"https:\/\/copicor.com\/?s={search_term_string}\"},\"query-input\":\"required name=search_term_string\"}],\"inLanguage\":\"es\"}]}<\/script>\n<!-- \/ Yoast SEO plugin. -->","yoast_head_json":{"title":"Imprenta Online | Copicor - Art\u00edculos Personalizados en las Azores","description":"Siempre hemos estado involucrados en la producci\u00f3n general de gr\u00e1ficos r\u00e1pidos, y actualmente nos especializamos en art\u00edculos personalizados.","robots":{"index":"index","follow":"follow","max-snippet":"max-snippet:-1","max-image-preview":"max-image-preview:large","max-video-preview":"max-video-preview:-1"},"canonical":"http:\/\/copicor.com\/es\/sobre-nosotros-imprenta-online\/","og_locale":"es_ES","og_type":"article","og_title":"Imprenta Online | Copicor - Art\u00edculos Personalizados en las Azores","og_description":"Siempre hemos estado involucrados en la producci\u00f3n general de gr\u00e1ficos r\u00e1pidos, y actualmente nos especializamos en art\u00edculos personalizados.","og_url":"http:\/\/copicor.com\/es\/sobre-nosotros-imprenta-online\/","og_site_name":"Copicor","article_modified_time":"2022-11-15T11:44:20+00:00","og_image":[{"width":2560,"height":2560,"url":"http:\/\/copicor.com\/wp-content\/uploads\/2022\/09\/23206718-6743764-scaled.jpg","type":"image\/jpeg"}],"twitter_card":"summary_large_image","twitter_misc":{"Tiempo de lectura":"2 minutos"},"schema":{"@context":"https:\/\/schema.org","@graph":[{"@type":"WebPage","@id":"http:\/\/copicor.com\/es\/sobre-nosotros-imprenta-online\/","url":"http:\/\/copicor.com\/es\/sobre-nosotros-imprenta-online\/","name":"Imprenta Online | Copicor - Art\u00edculos Personalizados en las Azores","isPartOf":{"@id":"https:\/\/copicor.com\/#website"},"datePublished":"2022-04-19T17:55:04+00:00","dateModified":"2022-11-15T11:44:20+00:00","description":"Siempre hemos estado involucrados en la producci\u00f3n general de gr\u00e1ficos r\u00e1pidos, y actualmente nos especializamos en art\u00edculos personalizados.","breadcrumb":{"@id":"http:\/\/copicor.com\/es\/sobre-nosotros-imprenta-online\/#breadcrumb"},"inLanguage":"es","potentialAction":[{"@type":"ReadAction","target":["http:\/\/copicor.com\/es\/sobre-nosotros-imprenta-online\/"]}]},{"@type":"BreadcrumbList","@id":"http:\/\/copicor.com\/es\/sobre-nosotros-imprenta-online\/#breadcrumb","itemListElement":[{"@type":"ListItem","position":1,"name":"Home","item":"https:\/\/copicor.com\/es\/"},{"@type":"ListItem","position":2,"name":"Sobre nosotros"}]},{"@type":"WebSite","@id":"https:\/\/copicor.com\/#website","url":"https:\/\/copicor.com\/","name":"Copicor","description":"Copicor - Gr\u00e1ficos, Impresi\u00f3n y Personalizaci\u00f3n","potentialAction":[{"@type":"SearchAction","target":{"@type":"EntryPoint","urlTemplate":"https:\/\/copicor.com\/?s={search_term_string}"},"query-input":"required name=search_term_string"}],"inLanguage":"es"}]}},"_links":{"self":[{"href":"http:\/\/copicor.com\/es\/wp-json\/wp\/v2\/pages\/4645","targetHints":{"allow":["GET"]}}],"collection":[{"href":"http:\/\/copicor.com\/es\/wp-json\/wp\/v2\/pages"}],"about":[{"href":"http:\/\/copicor.com\/es\/wp-json\/wp\/v2\/types\/page"}],"author":[{"embeddable":true,"href":"http:\/\/copicor.com\/es\/wp-json\/wp\/v2\/users\/1"}],"replies":[{"embeddable":true,"href":"http:\/\/copicor.com\/es\/wp-json\/wp\/v2\/comments?post=4645"}],"version-history":[{"count":8,"href":"http:\/\/copicor.com\/es\/wp-json\/wp\/v2\/pages\/4645\/revisions"}],"predecessor-version":[{"id":7383,"href":"http:\/\/copicor.com\/es\/wp-json\/wp\/v2\/pages\/4645\/revisions\/7383"}],"wp:featuredmedia":[{"embeddable":true,"href":"http:\/\/copicor.com\/es\/wp-json\/wp\/v2\/media\/6992"}],"wp:attachment":[{"href":"http:\/\/copicor.com\/es\/wp-json\/wp\/v2\/media?parent=4645"}],"curies":[{"name":"wp","href":"https:\/\/api.w.org\/{rel}","templated":true}]}}