{"id":7988,"date":"2023-03-02T10:22:42","date_gmt":"2023-03-02T10:22:42","guid":{"rendered":"https:\/\/copicor.com\/homepage\/"},"modified":"2025-03-27T18:22:12","modified_gmt":"2025-03-27T18:22:12","slug":"homepage","status":"publish","type":"page","link":"http:\/\/copicor.com\/es\/","title":{"rendered":"Homepage"},"content":{"rendered":"","protected":false},"excerpt":{"rendered":"","protected":false},"author":1,"featured_media":0,"parent":0,"menu_order":0,"comment_status":"closed","ping_status":"closed","template":"front-page.php","meta":{"footnotes":""},"class_list":["post-7988","page","type-page","status-publish","hentry"],"acf":[],"yoast_head":"<!-- This site is optimized with the Yoast SEO plugin v19.5.1 - https:\/\/yoast.com\/wordpress\/plugins\/seo\/ -->\n<title>Gr\u00e1ficos, Impresi\u00f3n y Personalizaci\u00f3n - Copicor<\/title>\n<meta name=\"description\" content=\"\u00bfBusca una imprenta en Ponta Delgada? \u00a1Encuentre en Copicor servicios personalizados a los mejores precios. Vis\u00edtenos o compre online!\" \/>\n<meta name=\"robots\" content=\"index, follow, max-snippet:-1, max-image-preview:large, max-video-preview:-1\" \/>\n<link rel=\"canonical\" href=\"https:\/\/copicor.com\/es\/\" \/>\n<meta property=\"og:locale\" content=\"es_ES\" \/>\n<meta property=\"og:type\" content=\"article\" \/>\n<meta property=\"og:title\" content=\"Gr\u00e1ficos, Impresi\u00f3n y Personalizaci\u00f3n - Copicor\" \/>\n<meta property=\"og:description\" content=\"\u00bfBusca una imprenta en Ponta Delgada? \u00a1Encuentre en Copicor servicios personalizados a los mejores precios. Vis\u00edtenos o compre online!\" \/>\n<meta property=\"og:url\" content=\"https:\/\/copicor.com\/es\/\" \/>\n<meta property=\"og:site_name\" content=\"Copicor\" \/>\n<meta property=\"article:modified_time\" content=\"2025-03-27T18:22:12+00:00\" \/>\n<meta name=\"twitter:card\" content=\"summary_large_image\" \/>\n<script type=\"application\/ld+json\" class=\"yoast-schema-graph\">{\"@context\":\"https:\/\/schema.org\",\"@graph\":[{\"@type\":\"WebPage\",\"@id\":\"https:\/\/copicor.com\/es\/\",\"url\":\"https:\/\/copicor.com\/es\/\",\"name\":\"Gr\u00e1ficos, Impresi\u00f3n y Personalizaci\u00f3n - Copicor\",\"isPartOf\":{\"@id\":\"https:\/\/copicor.com\/#website\"},\"datePublished\":\"2023-03-02T10:22:42+00:00\",\"dateModified\":\"2025-03-27T18:22:12+00:00\",\"description\":\"\u00bfBusca una imprenta en Ponta Delgada? \u00a1Encuentre en Copicor servicios personalizados a los mejores precios. Vis\u00edtenos o compre online!\",\"breadcrumb\":{\"@id\":\"https:\/\/copicor.com\/es\/#breadcrumb\"},\"inLanguage\":\"es\",\"potentialAction\":[{\"@type\":\"ReadAction\",\"target\":[\"https:\/\/copicor.com\/es\/\"]}]},{\"@type\":\"BreadcrumbList\",\"@id\":\"https:\/\/copicor.com\/es\/#breadcrumb\",\"itemListElement\":[{\"@type\":\"ListItem\",\"position\":1,\"name\":\"Home\",\"item\":\"https:\/\/copicor.com\/es\/\"},{\"@type\":\"ListItem\",\"position\":2,\"name\":\"Homepage\"}]},{\"@type\":\"WebSite\",\"@id\":\"https:\/\/copicor.com\/#website\",\"url\":\"https:\/\/copicor.com\/\",\"name\":\"Copicor\",\"description\":\"Copicor - Gr\u00e1ficos, Impresi\u00f3n y Personalizaci\u00f3n\",\"potentialAction\":[{\"@type\":\"SearchAction\",\"target\":{\"@type\":\"EntryPoint\",\"urlTemplate\":\"https:\/\/copicor.com\/?s={search_term_string}\"},\"query-input\":\"required name=search_term_string\"}],\"inLanguage\":\"es\"}]}<\/script>\n<!-- \/ Yoast SEO plugin. -->","yoast_head_json":{"title":"Gr\u00e1ficos, Impresi\u00f3n y Personalizaci\u00f3n - Copicor","description":"\u00bfBusca una imprenta en Ponta Delgada? \u00a1Encuentre en Copicor servicios personalizados a los mejores precios. Vis\u00edtenos o compre online!","robots":{"index":"index","follow":"follow","max-snippet":"max-snippet:-1","max-image-preview":"max-image-preview:large","max-video-preview":"max-video-preview:-1"},"canonical":"https:\/\/copicor.com\/es\/","og_locale":"es_ES","og_type":"article","og_title":"Gr\u00e1ficos, Impresi\u00f3n y Personalizaci\u00f3n - Copicor","og_description":"\u00bfBusca una imprenta en Ponta Delgada? \u00a1Encuentre en Copicor servicios personalizados a los mejores precios. Vis\u00edtenos o compre online!","og_url":"https:\/\/copicor.com\/es\/","og_site_name":"Copicor","article_modified_time":"2025-03-27T18:22:12+00:00","twitter_card":"summary_large_image","schema":{"@context":"https:\/\/schema.org","@graph":[{"@type":"WebPage","@id":"https:\/\/copicor.com\/es\/","url":"https:\/\/copicor.com\/es\/","name":"Gr\u00e1ficos, Impresi\u00f3n y Personalizaci\u00f3n - Copicor","isPartOf":{"@id":"https:\/\/copicor.com\/#website"},"datePublished":"2023-03-02T10:22:42+00:00","dateModified":"2025-03-27T18:22:12+00:00","description":"\u00bfBusca una imprenta en Ponta Delgada? \u00a1Encuentre en Copicor servicios personalizados a los mejores precios. Vis\u00edtenos o compre online!","breadcrumb":{"@id":"https:\/\/copicor.com\/es\/#breadcrumb"},"inLanguage":"es","potentialAction":[{"@type":"ReadAction","target":["https:\/\/copicor.com\/es\/"]}]},{"@type":"BreadcrumbList","@id":"https:\/\/copicor.com\/es\/#breadcrumb","itemListElement":[{"@type":"ListItem","position":1,"name":"Home","item":"https:\/\/copicor.com\/es\/"},{"@type":"ListItem","position":2,"name":"Homepage"}]},{"@type":"WebSite","@id":"https:\/\/copicor.com\/#website","url":"https:\/\/copicor.com\/","name":"Copicor","description":"Copicor - Gr\u00e1ficos, Impresi\u00f3n y Personalizaci\u00f3n","potentialAction":[{"@type":"SearchAction","target":{"@type":"EntryPoint","urlTemplate":"https:\/\/copicor.com\/?s={search_term_string}"},"query-input":"required name=search_term_string"}],"inLanguage":"es"}]}},"_links":{"self":[{"href":"http:\/\/copicor.com\/es\/wp-json\/wp\/v2\/pages\/7988","targetHints":{"allow":["GET"]}}],"collection":[{"href":"http:\/\/copicor.com\/es\/wp-json\/wp\/v2\/pages"}],"about":[{"href":"http:\/\/copicor.com\/es\/wp-json\/wp\/v2\/types\/page"}],"author":[{"embeddable":true,"href":"http:\/\/copicor.com\/es\/wp-json\/wp\/v2\/users\/1"}],"replies":[{"embeddable":true,"href":"http:\/\/copicor.com\/es\/wp-json\/wp\/v2\/comments?post=7988"}],"version-history":[{"count":2,"href":"http:\/\/copicor.com\/es\/wp-json\/wp\/v2\/pages\/7988\/revisions"}],"predecessor-version":[{"id":8087,"href":"http:\/\/copicor.com\/es\/wp-json\/wp\/v2\/pages\/7988\/revisions\/8087"}],"wp:attachment":[{"href":"http:\/\/copicor.com\/es\/wp-json\/wp\/v2\/media?parent=7988"}],"curies":[{"name":"wp","href":"https:\/\/api.w.org\/{rel}","templated":true}]}}