{"id":6051,"date":"2022-04-22T16:07:27","date_gmt":"2022-04-22T16:07:27","guid":{"rendered":"http:\/\/copicor.com\/product\/porta-chaves-acrilico\/"},"modified":"2022-09-26T10:13:53","modified_gmt":"2022-09-26T10:13:53","slug":"porta-chaves-acrilico","status":"publish","type":"product","link":"http:\/\/copicor.com\/es\/producto\/porta-chaves-acrilico\/","title":{"rendered":"LLAVERO ACR\u00cdLICO"},"content":{"rendered":"","protected":false},"excerpt":{"rendered":"<ul>\n<li><strong>Espesor:<\/strong> 2 mm<\/li>\n<li><strong>Material:<\/strong> acr\u00edlico blanco<br \/>\nPersonalizable en ambos lados<\/li>\n<\/ul>\n","protected":false},"featured_media":6907,"template":"","meta":[],"product_cat":[288,296],"product_tag":[],"class_list":["post-6051","product","type-product","status-publish","has-post-thumbnail","hentry","product_cat-llavero","product_cat-acrilico-es"],"acf":[],"yoast_head":"<!-- This site is optimized with the Yoast SEO plugin v19.5.1 - https:\/\/yoast.com\/wordpress\/plugins\/seo\/ -->\n<title>Copicor - LLAVERO ACR\u00cdLICO<\/title>\n<meta name=\"robots\" content=\"index, follow, max-snippet:-1, max-image-preview:large, max-video-preview:-1\" \/>\n<link rel=\"canonical\" href=\"http:\/\/copicor.com\/es\/producto\/porta-chaves-acrilico\/\" \/>\n<meta property=\"og:locale\" content=\"es_ES\" \/>\n<meta property=\"og:type\" content=\"article\" \/>\n<meta property=\"og:title\" content=\"Copicor - LLAVERO ACR\u00cdLICO\" \/>\n<meta property=\"og:description\" content=\"Espesor: 2 mm  Material: acr\u00edlico blanco Personalizable en ambos lados\" \/>\n<meta property=\"og:url\" content=\"http:\/\/copicor.com\/es\/producto\/porta-chaves-acrilico\/\" \/>\n<meta property=\"og:site_name\" content=\"Copicor\" \/>\n<meta property=\"article:modified_time\" content=\"2022-09-26T10:13:53+00:00\" \/>\n<meta property=\"og:image\" content=\"http:\/\/copicor.com\/wp-content\/uploads\/2022\/04\/porta-chavescoracao.jpg\" \/>\n\t<meta property=\"og:image:width\" content=\"567\" \/>\n\t<meta property=\"og:image:height\" content=\"567\" \/>\n\t<meta property=\"og:image:type\" content=\"image\/jpeg\" \/>\n<meta name=\"twitter:card\" content=\"summary_large_image\" \/>\n<script type=\"application\/ld+json\" class=\"yoast-schema-graph\">{\"@context\":\"https:\/\/schema.org\",\"@graph\":[{\"@type\":\"WebPage\",\"@id\":\"http:\/\/copicor.com\/es\/producto\/porta-chaves-acrilico\/\",\"url\":\"http:\/\/copicor.com\/es\/producto\/porta-chaves-acrilico\/\",\"name\":\"Copicor - LLAVERO ACR\u00cdLICO\",\"isPartOf\":{\"@id\":\"http:\/\/copicor.com\/#website\"},\"datePublished\":\"2022-04-22T16:07:27+00:00\",\"dateModified\":\"2022-09-26T10:13:53+00:00\",\"breadcrumb\":{\"@id\":\"http:\/\/copicor.com\/es\/producto\/porta-chaves-acrilico\/#breadcrumb\"},\"inLanguage\":\"es\",\"potentialAction\":[{\"@type\":\"ReadAction\",\"target\":[\"http:\/\/copicor.com\/es\/producto\/porta-chaves-acrilico\/\"]}]},{\"@type\":\"BreadcrumbList\",\"@id\":\"http:\/\/copicor.com\/es\/producto\/porta-chaves-acrilico\/#breadcrumb\",\"itemListElement\":[{\"@type\":\"ListItem\",\"position\":1,\"name\":\"Home\",\"item\":\"http:\/\/copicor.com\/es\/\"},{\"@type\":\"ListItem\",\"position\":2,\"name\":\"Loja\",\"item\":\"http:\/\/copicor.com\/es\/shop-slug\/\"},{\"@type\":\"ListItem\",\"position\":3,\"name\":\"LLAVERO ACR\u00cdLICO\"}]},{\"@type\":\"WebSite\",\"@id\":\"http:\/\/copicor.com\/#website\",\"url\":\"http:\/\/copicor.com\/\",\"name\":\"Copicor\",\"description\":\"Copicor - Gr\u00e1ficos, Impresi\u00f3n y Personalizaci\u00f3n\",\"potentialAction\":[{\"@type\":\"SearchAction\",\"target\":{\"@type\":\"EntryPoint\",\"urlTemplate\":\"http:\/\/copicor.com\/?s={search_term_string}\"},\"query-input\":\"required name=search_term_string\"}],\"inLanguage\":\"es\"}]}<\/script>\n<!-- \/ Yoast SEO plugin. -->","yoast_head_json":{"title":"Copicor - LLAVERO ACR\u00cdLICO","robots":{"index":"index","follow":"follow","max-snippet":"max-snippet:-1","max-image-preview":"max-image-preview:large","max-video-preview":"max-video-preview:-1"},"canonical":"http:\/\/copicor.com\/es\/producto\/porta-chaves-acrilico\/","og_locale":"es_ES","og_type":"article","og_title":"Copicor - LLAVERO ACR\u00cdLICO","og_description":"Espesor: 2 mm  Material: acr\u00edlico blanco Personalizable en ambos lados","og_url":"http:\/\/copicor.com\/es\/producto\/porta-chaves-acrilico\/","og_site_name":"Copicor","article_modified_time":"2022-09-26T10:13:53+00:00","og_image":[{"width":567,"height":567,"url":"http:\/\/copicor.com\/wp-content\/uploads\/2022\/04\/porta-chavescoracao.jpg","type":"image\/jpeg"}],"twitter_card":"summary_large_image","schema":{"@context":"https:\/\/schema.org","@graph":[{"@type":"WebPage","@id":"http:\/\/copicor.com\/es\/producto\/porta-chaves-acrilico\/","url":"http:\/\/copicor.com\/es\/producto\/porta-chaves-acrilico\/","name":"Copicor - LLAVERO ACR\u00cdLICO","isPartOf":{"@id":"http:\/\/copicor.com\/#website"},"datePublished":"2022-04-22T16:07:27+00:00","dateModified":"2022-09-26T10:13:53+00:00","breadcrumb":{"@id":"http:\/\/copicor.com\/es\/producto\/porta-chaves-acrilico\/#breadcrumb"},"inLanguage":"es","potentialAction":[{"@type":"ReadAction","target":["http:\/\/copicor.com\/es\/producto\/porta-chaves-acrilico\/"]}]},{"@type":"BreadcrumbList","@id":"http:\/\/copicor.com\/es\/producto\/porta-chaves-acrilico\/#breadcrumb","itemListElement":[{"@type":"ListItem","position":1,"name":"Home","item":"http:\/\/copicor.com\/es\/"},{"@type":"ListItem","position":2,"name":"Loja","item":"http:\/\/copicor.com\/es\/shop-slug\/"},{"@type":"ListItem","position":3,"name":"LLAVERO ACR\u00cdLICO"}]},{"@type":"WebSite","@id":"http:\/\/copicor.com\/#website","url":"http:\/\/copicor.com\/","name":"Copicor","description":"Copicor - Gr\u00e1ficos, Impresi\u00f3n y Personalizaci\u00f3n","potentialAction":[{"@type":"SearchAction","target":{"@type":"EntryPoint","urlTemplate":"http:\/\/copicor.com\/?s={search_term_string}"},"query-input":"required name=search_term_string"}],"inLanguage":"es"}]}},"_links":{"self":[{"href":"http:\/\/copicor.com\/es\/wp-json\/wp\/v2\/product\/6051","targetHints":{"allow":["GET"]}}],"collection":[{"href":"http:\/\/copicor.com\/es\/wp-json\/wp\/v2\/product"}],"about":[{"href":"http:\/\/copicor.com\/es\/wp-json\/wp\/v2\/types\/product"}],"wp:featuredmedia":[{"embeddable":true,"href":"http:\/\/copicor.com\/es\/wp-json\/wp\/v2\/media\/6907"}],"wp:attachment":[{"href":"http:\/\/copicor.com\/es\/wp-json\/wp\/v2\/media?parent=6051"}],"wp:term":[{"taxonomy":"product_cat","embeddable":true,"href":"http:\/\/copicor.com\/es\/wp-json\/wp\/v2\/product_cat?post=6051"},{"taxonomy":"product_tag","embeddable":true,"href":"http:\/\/copicor.com\/es\/wp-json\/wp\/v2\/product_tag?post=6051"}],"curies":[{"name":"wp","href":"https:\/\/api.w.org\/{rel}","templated":true}]}}