{"id":6070,"date":"2022-04-26T17:47:47","date_gmt":"2022-04-26T17:47:47","guid":{"rendered":"http:\/\/copicor.com\/product\/tshirts-homem\/"},"modified":"2022-11-16T12:40:57","modified_gmt":"2022-11-16T12:40:57","slug":"camisetas-de-hombre","status":"publish","type":"product","link":"http:\/\/copicor.com\/es\/producto\/camisetas-de-hombre\/","title":{"rendered":"CAMISETAS DE HOMBRE"},"content":{"rendered":"","protected":false},"excerpt":{"rendered":"<ul>\n<li><strong>Modelo Regular Man (unisex) (manga corta)<\/strong><\/li>\n<li>Muy c\u00f3moda, te encantar\u00e1 c\u00f3mo se lleva. Una camiseta original y que se convertir\u00e1 r\u00e1pidamente en tu camiseta personalizada favorita. Suave, c\u00f3moda y duradera.\n<ul>\n<li>Tejido tubular<\/li>\n<li>Costuras dobles en cuello, mangas y bajos<\/li>\n<li>Refuerzo de hombro a hombro<\/li>\n<li>155g\/m2 aprox .<\/li>\n<\/ul>\n<\/li>\n<\/ul>\n","protected":false},"featured_media":10456,"template":"","meta":[],"product_cat":[289,298],"product_tag":[],"class_list":["post-6070","product","type-product","status-publish","has-post-thumbnail","hentry","product_cat-camisetas","product_cat-hombre"],"acf":[],"yoast_head":"<!-- This site is optimized with the Yoast SEO plugin v19.5.1 - https:\/\/yoast.com\/wordpress\/plugins\/seo\/ -->\n<title>CAMISETAS DE HOMBRE | El Mejor Estilo para Hombre! - Copicor<\/title>\n<meta name=\"description\" content=\"Las mejores ofertas son las que hacemos con el coraz\u00f3n. \u00a1Ofr\u00e9cele una de estas camisetas para hombre y hazle feliz! Habla con nosotros.\" \/>\n<meta name=\"robots\" content=\"index, follow, max-snippet:-1, max-image-preview:large, max-video-preview:-1\" \/>\n<link rel=\"canonical\" href=\"http:\/\/copicor.com\/es\/producto\/camisetas-de-hombre\/\" \/>\n<meta property=\"og:locale\" content=\"es_ES\" \/>\n<meta property=\"og:type\" content=\"article\" \/>\n<meta property=\"og:title\" content=\"CAMISETAS DE HOMBRE | El Mejor Estilo para Hombre! - Copicor\" \/>\n<meta property=\"og:description\" content=\"Las mejores ofertas son las que hacemos con el coraz\u00f3n. \u00a1Ofr\u00e9cele una de estas camisetas para hombre y hazle feliz! Habla con nosotros.\" \/>\n<meta property=\"og:url\" content=\"http:\/\/copicor.com\/es\/producto\/camisetas-de-hombre\/\" \/>\n<meta property=\"og:site_name\" content=\"Copicor\" \/>\n<meta property=\"article:modified_time\" content=\"2022-11-16T12:40:57+00:00\" \/>\n<meta property=\"og:image\" content=\"http:\/\/copicor.com\/wp-content\/uploads\/2022\/04\/2-1-scaled.jpg\" \/>\n\t<meta property=\"og:image:width\" content=\"2560\" \/>\n\t<meta property=\"og:image:height\" content=\"2560\" \/>\n\t<meta property=\"og:image:type\" content=\"image\/jpeg\" \/>\n<meta name=\"twitter:card\" content=\"summary_large_image\" \/>\n<script type=\"application\/ld+json\" class=\"yoast-schema-graph\">{\"@context\":\"https:\/\/schema.org\",\"@graph\":[{\"@type\":\"WebPage\",\"@id\":\"http:\/\/copicor.com\/es\/producto\/camisetas-de-hombre\/\",\"url\":\"http:\/\/copicor.com\/es\/producto\/camisetas-de-hombre\/\",\"name\":\"CAMISETAS DE HOMBRE | El Mejor Estilo para Hombre! - Copicor\",\"isPartOf\":{\"@id\":\"https:\/\/copicor.com\/#website\"},\"datePublished\":\"2022-04-26T17:47:47+00:00\",\"dateModified\":\"2022-11-16T12:40:57+00:00\",\"description\":\"Las mejores ofertas son las que hacemos con el coraz\u00f3n. \u00a1Ofr\u00e9cele una de estas camisetas para hombre y hazle feliz! Habla con nosotros.\",\"breadcrumb\":{\"@id\":\"http:\/\/copicor.com\/es\/producto\/camisetas-de-hombre\/#breadcrumb\"},\"inLanguage\":\"es\",\"potentialAction\":[{\"@type\":\"ReadAction\",\"target\":[\"http:\/\/copicor.com\/es\/producto\/camisetas-de-hombre\/\"]}]},{\"@type\":\"BreadcrumbList\",\"@id\":\"http:\/\/copicor.com\/es\/producto\/camisetas-de-hombre\/#breadcrumb\",\"itemListElement\":[{\"@type\":\"ListItem\",\"position\":1,\"name\":\"Home\",\"item\":\"http:\/\/copicor.com\/es\/\"},{\"@type\":\"ListItem\",\"position\":2,\"name\":\"Loja\",\"item\":\"http:\/\/copicor.com\/shop-slug\/\"},{\"@type\":\"ListItem\",\"position\":3,\"name\":\"CAMISETAS DE HOMBRE\"}]},{\"@type\":\"WebSite\",\"@id\":\"https:\/\/copicor.com\/#website\",\"url\":\"https:\/\/copicor.com\/\",\"name\":\"Copicor\",\"description\":\"Copicor - Gr\u00e1ficos, Impresi\u00f3n y Personalizaci\u00f3n\",\"potentialAction\":[{\"@type\":\"SearchAction\",\"target\":{\"@type\":\"EntryPoint\",\"urlTemplate\":\"https:\/\/copicor.com\/?s={search_term_string}\"},\"query-input\":\"required name=search_term_string\"}],\"inLanguage\":\"es\"}]}<\/script>\n<!-- \/ Yoast SEO plugin. -->","yoast_head_json":{"title":"CAMISETAS DE HOMBRE | El Mejor Estilo para Hombre! - Copicor","description":"Las mejores ofertas son las que hacemos con el coraz\u00f3n. \u00a1Ofr\u00e9cele una de estas camisetas para hombre y hazle feliz! Habla con nosotros.","robots":{"index":"index","follow":"follow","max-snippet":"max-snippet:-1","max-image-preview":"max-image-preview:large","max-video-preview":"max-video-preview:-1"},"canonical":"http:\/\/copicor.com\/es\/producto\/camisetas-de-hombre\/","og_locale":"es_ES","og_type":"article","og_title":"CAMISETAS DE HOMBRE | El Mejor Estilo para Hombre! - Copicor","og_description":"Las mejores ofertas son las que hacemos con el coraz\u00f3n. \u00a1Ofr\u00e9cele una de estas camisetas para hombre y hazle feliz! Habla con nosotros.","og_url":"http:\/\/copicor.com\/es\/producto\/camisetas-de-hombre\/","og_site_name":"Copicor","article_modified_time":"2022-11-16T12:40:57+00:00","og_image":[{"width":2560,"height":2560,"url":"http:\/\/copicor.com\/wp-content\/uploads\/2022\/04\/2-1-scaled.jpg","type":"image\/jpeg"}],"twitter_card":"summary_large_image","schema":{"@context":"https:\/\/schema.org","@graph":[{"@type":"WebPage","@id":"http:\/\/copicor.com\/es\/producto\/camisetas-de-hombre\/","url":"http:\/\/copicor.com\/es\/producto\/camisetas-de-hombre\/","name":"CAMISETAS DE HOMBRE | El Mejor Estilo para Hombre! - Copicor","isPartOf":{"@id":"https:\/\/copicor.com\/#website"},"datePublished":"2022-04-26T17:47:47+00:00","dateModified":"2022-11-16T12:40:57+00:00","description":"Las mejores ofertas son las que hacemos con el coraz\u00f3n. \u00a1Ofr\u00e9cele una de estas camisetas para hombre y hazle feliz! Habla con nosotros.","breadcrumb":{"@id":"http:\/\/copicor.com\/es\/producto\/camisetas-de-hombre\/#breadcrumb"},"inLanguage":"es","potentialAction":[{"@type":"ReadAction","target":["http:\/\/copicor.com\/es\/producto\/camisetas-de-hombre\/"]}]},{"@type":"BreadcrumbList","@id":"http:\/\/copicor.com\/es\/producto\/camisetas-de-hombre\/#breadcrumb","itemListElement":[{"@type":"ListItem","position":1,"name":"Home","item":"http:\/\/copicor.com\/es\/"},{"@type":"ListItem","position":2,"name":"Loja","item":"http:\/\/copicor.com\/shop-slug\/"},{"@type":"ListItem","position":3,"name":"CAMISETAS DE HOMBRE"}]},{"@type":"WebSite","@id":"https:\/\/copicor.com\/#website","url":"https:\/\/copicor.com\/","name":"Copicor","description":"Copicor - Gr\u00e1ficos, Impresi\u00f3n y Personalizaci\u00f3n","potentialAction":[{"@type":"SearchAction","target":{"@type":"EntryPoint","urlTemplate":"https:\/\/copicor.com\/?s={search_term_string}"},"query-input":"required name=search_term_string"}],"inLanguage":"es"}]}},"_links":{"self":[{"href":"http:\/\/copicor.com\/es\/wp-json\/wp\/v2\/product\/6070","targetHints":{"allow":["GET"]}}],"collection":[{"href":"http:\/\/copicor.com\/es\/wp-json\/wp\/v2\/product"}],"about":[{"href":"http:\/\/copicor.com\/es\/wp-json\/wp\/v2\/types\/product"}],"wp:featuredmedia":[{"embeddable":true,"href":"http:\/\/copicor.com\/es\/wp-json\/wp\/v2\/media\/10456"}],"wp:attachment":[{"href":"http:\/\/copicor.com\/es\/wp-json\/wp\/v2\/media?parent=6070"}],"wp:term":[{"taxonomy":"product_cat","embeddable":true,"href":"http:\/\/copicor.com\/es\/wp-json\/wp\/v2\/product_cat?post=6070"},{"taxonomy":"product_tag","embeddable":true,"href":"http:\/\/copicor.com\/es\/wp-json\/wp\/v2\/product_tag?post=6070"}],"curies":[{"name":"wp","href":"https:\/\/api.w.org\/{rel}","templated":true}]}}