{"id":6090,"date":"2022-04-27T14:23:19","date_gmt":"2022-04-27T14:23:19","guid":{"rendered":"http:\/\/copicor.com\/product\/tshirts-crianca\/"},"modified":"2022-11-16T12:38:35","modified_gmt":"2022-11-16T12:38:35","slug":"camisetas-nino","status":"publish","type":"product","link":"http:\/\/copicor.com\/es\/producto\/camisetas-nino\/","title":{"rendered":"CAMISETAS NI\u00d1O"},"content":{"rendered":"<p id=\"tw-target-text\" class=\"tw-data-text tw-text-large tw-ta\" dir=\"ltr\" data-placeholder=\"Tradu\u00e7\u00e3o\"><span class=\"Y2IQFc\" lang=\"es\">Imprime tus dise\u00f1os en camisetas de calidad<\/span><\/p>\n","protected":false},"excerpt":{"rendered":"<ul>\n<li><strong>Modelo Kid T-shirt (manga corta)<\/strong><\/li>\n<li>Empieza a personalizar desde peque\u00f1o. Para ni\u00f1os y ni\u00f1as, c\u00f3modas y aptas para todo tipo de juegos. Suave, pr\u00e1ctica y duradera.\n<ul>\n<li>Cuello canal\u00e9 1&#215;1<\/li>\n<li>Costuras dobles en cuello, mangas y bajos<\/li>\n<li>Costuras laterales<\/li>\n<li>Refuerzo hombro a hombro<\/li>\n<li>155g\/m2 aprox .<\/li>\n<\/ul>\n<\/li>\n<\/ul>\n","protected":false},"featured_media":6934,"template":"","meta":[],"product_cat":[289,300],"product_tag":[],"class_list":["post-6090","product","type-product","status-publish","has-post-thumbnail","hentry","product_cat-camisetas","product_cat-nino"],"acf":[],"yoast_head":"<!-- This site is optimized with the Yoast SEO plugin v19.5.1 - https:\/\/yoast.com\/wordpress\/plugins\/seo\/ -->\n<title>CAMISETAS NI\u00d1O | Personalizadles y Muy Especiales! - Copicor<\/title>\n<meta name=\"description\" content=\"Imprime tus dise\u00f1os en camisetas de calidad y ofrece las mejores ropas a tu ni\u00f1o! Camisetas as\u00ed son muy especiales y \u00fanicas.\" \/>\n<meta name=\"robots\" content=\"index, follow, max-snippet:-1, max-image-preview:large, max-video-preview:-1\" \/>\n<link rel=\"canonical\" href=\"http:\/\/copicor.com\/es\/producto\/camisetas-nino\/\" \/>\n<meta property=\"og:locale\" content=\"es_ES\" \/>\n<meta property=\"og:type\" content=\"article\" \/>\n<meta property=\"og:title\" content=\"CAMISETAS NI\u00d1O | Personalizadles y Muy Especiales! - Copicor\" \/>\n<meta property=\"og:description\" content=\"Imprime tus dise\u00f1os en camisetas de calidad y ofrece las mejores ropas a tu ni\u00f1o! Camisetas as\u00ed son muy especiales y \u00fanicas.\" \/>\n<meta property=\"og:url\" content=\"http:\/\/copicor.com\/es\/producto\/camisetas-nino\/\" \/>\n<meta property=\"og:site_name\" content=\"Copicor\" \/>\n<meta property=\"article:modified_time\" content=\"2022-11-16T12:38:35+00:00\" \/>\n<meta property=\"og:image\" content=\"http:\/\/copicor.com\/wp-content\/uploads\/2022\/04\/2-scaled.jpg\" \/>\n\t<meta property=\"og:image:width\" content=\"2560\" \/>\n\t<meta property=\"og:image:height\" content=\"2560\" \/>\n\t<meta property=\"og:image:type\" content=\"image\/jpeg\" \/>\n<meta name=\"twitter:card\" content=\"summary_large_image\" \/>\n<meta name=\"twitter:label1\" content=\"Tiempo de lectura\" \/>\n\t<meta name=\"twitter:data1\" content=\"1 minuto\" \/>\n<script type=\"application\/ld+json\" class=\"yoast-schema-graph\">{\"@context\":\"https:\/\/schema.org\",\"@graph\":[{\"@type\":\"WebPage\",\"@id\":\"http:\/\/copicor.com\/es\/producto\/camisetas-nino\/\",\"url\":\"http:\/\/copicor.com\/es\/producto\/camisetas-nino\/\",\"name\":\"CAMISETAS NI\u00d1O | Personalizadles y Muy Especiales! - Copicor\",\"isPartOf\":{\"@id\":\"https:\/\/copicor.com\/#website\"},\"datePublished\":\"2022-04-27T14:23:19+00:00\",\"dateModified\":\"2022-11-16T12:38:35+00:00\",\"description\":\"Imprime tus dise\u00f1os en camisetas de calidad y ofrece las mejores ropas a tu ni\u00f1o! Camisetas as\u00ed son muy especiales y \u00fanicas.\",\"breadcrumb\":{\"@id\":\"http:\/\/copicor.com\/es\/producto\/camisetas-nino\/#breadcrumb\"},\"inLanguage\":\"es\",\"potentialAction\":[{\"@type\":\"ReadAction\",\"target\":[\"http:\/\/copicor.com\/es\/producto\/camisetas-nino\/\"]}]},{\"@type\":\"BreadcrumbList\",\"@id\":\"http:\/\/copicor.com\/es\/producto\/camisetas-nino\/#breadcrumb\",\"itemListElement\":[{\"@type\":\"ListItem\",\"position\":1,\"name\":\"Home\",\"item\":\"http:\/\/copicor.com\/es\/\"},{\"@type\":\"ListItem\",\"position\":2,\"name\":\"Loja\",\"item\":\"http:\/\/copicor.com\/shop-slug\/\"},{\"@type\":\"ListItem\",\"position\":3,\"name\":\"CAMISETAS NI\u00d1O\"}]},{\"@type\":\"WebSite\",\"@id\":\"https:\/\/copicor.com\/#website\",\"url\":\"https:\/\/copicor.com\/\",\"name\":\"Copicor\",\"description\":\"Copicor - Gr\u00e1ficos, Impresi\u00f3n y Personalizaci\u00f3n\",\"potentialAction\":[{\"@type\":\"SearchAction\",\"target\":{\"@type\":\"EntryPoint\",\"urlTemplate\":\"https:\/\/copicor.com\/?s={search_term_string}\"},\"query-input\":\"required name=search_term_string\"}],\"inLanguage\":\"es\"}]}<\/script>\n<!-- \/ Yoast SEO plugin. -->","yoast_head_json":{"title":"CAMISETAS NI\u00d1O | Personalizadles y Muy Especiales! - Copicor","description":"Imprime tus dise\u00f1os en camisetas de calidad y ofrece las mejores ropas a tu ni\u00f1o! Camisetas as\u00ed son muy especiales y \u00fanicas.","robots":{"index":"index","follow":"follow","max-snippet":"max-snippet:-1","max-image-preview":"max-image-preview:large","max-video-preview":"max-video-preview:-1"},"canonical":"http:\/\/copicor.com\/es\/producto\/camisetas-nino\/","og_locale":"es_ES","og_type":"article","og_title":"CAMISETAS NI\u00d1O | Personalizadles y Muy Especiales! - Copicor","og_description":"Imprime tus dise\u00f1os en camisetas de calidad y ofrece las mejores ropas a tu ni\u00f1o! Camisetas as\u00ed son muy especiales y \u00fanicas.","og_url":"http:\/\/copicor.com\/es\/producto\/camisetas-nino\/","og_site_name":"Copicor","article_modified_time":"2022-11-16T12:38:35+00:00","og_image":[{"width":2560,"height":2560,"url":"http:\/\/copicor.com\/wp-content\/uploads\/2022\/04\/2-scaled.jpg","type":"image\/jpeg"}],"twitter_card":"summary_large_image","twitter_misc":{"Tiempo de lectura":"1 minuto"},"schema":{"@context":"https:\/\/schema.org","@graph":[{"@type":"WebPage","@id":"http:\/\/copicor.com\/es\/producto\/camisetas-nino\/","url":"http:\/\/copicor.com\/es\/producto\/camisetas-nino\/","name":"CAMISETAS NI\u00d1O | Personalizadles y Muy Especiales! - Copicor","isPartOf":{"@id":"https:\/\/copicor.com\/#website"},"datePublished":"2022-04-27T14:23:19+00:00","dateModified":"2022-11-16T12:38:35+00:00","description":"Imprime tus dise\u00f1os en camisetas de calidad y ofrece las mejores ropas a tu ni\u00f1o! Camisetas as\u00ed son muy especiales y \u00fanicas.","breadcrumb":{"@id":"http:\/\/copicor.com\/es\/producto\/camisetas-nino\/#breadcrumb"},"inLanguage":"es","potentialAction":[{"@type":"ReadAction","target":["http:\/\/copicor.com\/es\/producto\/camisetas-nino\/"]}]},{"@type":"BreadcrumbList","@id":"http:\/\/copicor.com\/es\/producto\/camisetas-nino\/#breadcrumb","itemListElement":[{"@type":"ListItem","position":1,"name":"Home","item":"http:\/\/copicor.com\/es\/"},{"@type":"ListItem","position":2,"name":"Loja","item":"http:\/\/copicor.com\/shop-slug\/"},{"@type":"ListItem","position":3,"name":"CAMISETAS NI\u00d1O"}]},{"@type":"WebSite","@id":"https:\/\/copicor.com\/#website","url":"https:\/\/copicor.com\/","name":"Copicor","description":"Copicor - Gr\u00e1ficos, Impresi\u00f3n y Personalizaci\u00f3n","potentialAction":[{"@type":"SearchAction","target":{"@type":"EntryPoint","urlTemplate":"https:\/\/copicor.com\/?s={search_term_string}"},"query-input":"required name=search_term_string"}],"inLanguage":"es"}]}},"_links":{"self":[{"href":"http:\/\/copicor.com\/es\/wp-json\/wp\/v2\/product\/6090","targetHints":{"allow":["GET"]}}],"collection":[{"href":"http:\/\/copicor.com\/es\/wp-json\/wp\/v2\/product"}],"about":[{"href":"http:\/\/copicor.com\/es\/wp-json\/wp\/v2\/types\/product"}],"wp:featuredmedia":[{"embeddable":true,"href":"http:\/\/copicor.com\/es\/wp-json\/wp\/v2\/media\/6934"}],"wp:attachment":[{"href":"http:\/\/copicor.com\/es\/wp-json\/wp\/v2\/media?parent=6090"}],"wp:term":[{"taxonomy":"product_cat","embeddable":true,"href":"http:\/\/copicor.com\/es\/wp-json\/wp\/v2\/product_cat?post=6090"},{"taxonomy":"product_tag","embeddable":true,"href":"http:\/\/copicor.com\/es\/wp-json\/wp\/v2\/product_tag?post=6090"}],"curies":[{"name":"wp","href":"https:\/\/api.w.org\/{rel}","templated":true}]}}