{"id":6109,"date":"2022-06-08T15:32:24","date_gmt":"2022-06-08T15:32:24","guid":{"rendered":"http:\/\/copicor.com\/product\/caneca\/"},"modified":"2022-09-27T09:31:18","modified_gmt":"2022-09-27T09:31:18","slug":"caneca","status":"publish","type":"product","link":"http:\/\/copicor.com\/es\/producto\/caneca\/","title":{"rendered":"TAZ\u00d3N"},"content":{"rendered":"<p>\u00a1Todo el mundo quiere tener una taza personalizada! Es una pieza que, adem\u00e1s de decorativa, es sumamente \u00fatil y pr\u00e1ctica.<\/p>\n<p>Elija uno de los muchos dise\u00f1os que ofrecemos, o utilice nuestro equipo de dise\u00f1o, donde nuestros profesionales dise\u00f1ar\u00e1n el dise\u00f1o m\u00e1s apropiado para usted y su trabajo.<\/p>\n","protected":false},"excerpt":{"rendered":"<ul>\n<li><strong>Dimensiones generales<\/strong> &#8211; 80x95mm<\/li>\n<li><strong>\u00c1rea m\u00e1xima de personalizaci\u00f3n<\/strong> \u2013 97x210mm<\/li>\n<li><strong>Capacidad<\/strong> &#8211; 325ml<\/li>\n<li><strong>Material<\/strong> &#8211; Cer\u00e1mica<\/li>\n<li>Personalizable por fuera<\/li>\n<\/ul>\n","protected":false},"featured_media":6848,"template":"","meta":[],"product_cat":[334,335],"product_tag":[],"class_list":["post-6109","product","type-product","status-publish","has-post-thumbnail","hentry","product_cat-acessorios-personalizados-es","product_cat-caneca-es"],"acf":[],"yoast_head":"<!-- This site is optimized with the Yoast SEO plugin v19.5.1 - https:\/\/yoast.com\/wordpress\/plugins\/seo\/ -->\n<title>Copicor - TAZ\u00d3N<\/title>\n<meta name=\"robots\" content=\"index, follow, max-snippet:-1, max-image-preview:large, max-video-preview:-1\" \/>\n<link rel=\"canonical\" href=\"http:\/\/copicor.com\/es\/producto\/caneca\/\" \/>\n<meta property=\"og:locale\" content=\"es_ES\" \/>\n<meta property=\"og:type\" content=\"article\" \/>\n<meta property=\"og:title\" content=\"Copicor - TAZ\u00d3N\" \/>\n<meta property=\"og:description\" content=\"Dimensiones generales - 80x95mm  \u00c1rea m\u00e1xima de personalizaci\u00f3n \u2013 97x210mm  Capacidad - 325ml  Material - Cer\u00e1mica  Personalizable por fuera\" \/>\n<meta property=\"og:url\" content=\"http:\/\/copicor.com\/es\/producto\/caneca\/\" \/>\n<meta property=\"og:site_name\" content=\"Copicor\" \/>\n<meta property=\"article:modified_time\" content=\"2022-09-27T09:31:18+00:00\" \/>\n<meta property=\"og:image\" content=\"http:\/\/copicor.com\/wp-content\/uploads\/2022\/06\/caneca01.jpg\" \/>\n\t<meta property=\"og:image:width\" content=\"567\" \/>\n\t<meta property=\"og:image:height\" content=\"567\" \/>\n\t<meta property=\"og:image:type\" content=\"image\/jpeg\" \/>\n<meta name=\"twitter:card\" content=\"summary_large_image\" \/>\n<meta name=\"twitter:label1\" content=\"Tiempo de lectura\" \/>\n\t<meta name=\"twitter:data1\" content=\"1 minuto\" \/>\n<script type=\"application\/ld+json\" class=\"yoast-schema-graph\">{\"@context\":\"https:\/\/schema.org\",\"@graph\":[{\"@type\":\"WebPage\",\"@id\":\"http:\/\/copicor.com\/es\/producto\/caneca\/\",\"url\":\"http:\/\/copicor.com\/es\/producto\/caneca\/\",\"name\":\"Copicor - TAZ\u00d3N\",\"isPartOf\":{\"@id\":\"https:\/\/copicor.com\/#website\"},\"datePublished\":\"2022-06-08T15:32:24+00:00\",\"dateModified\":\"2022-09-27T09:31:18+00:00\",\"breadcrumb\":{\"@id\":\"http:\/\/copicor.com\/es\/producto\/caneca\/#breadcrumb\"},\"inLanguage\":\"es\",\"potentialAction\":[{\"@type\":\"ReadAction\",\"target\":[\"http:\/\/copicor.com\/es\/producto\/caneca\/\"]}]},{\"@type\":\"BreadcrumbList\",\"@id\":\"http:\/\/copicor.com\/es\/producto\/caneca\/#breadcrumb\",\"itemListElement\":[{\"@type\":\"ListItem\",\"position\":1,\"name\":\"Home\",\"item\":\"http:\/\/copicor.com\/es\/\"},{\"@type\":\"ListItem\",\"position\":2,\"name\":\"Loja\",\"item\":\"http:\/\/copicor.com\/es\/shop-slug\/\"},{\"@type\":\"ListItem\",\"position\":3,\"name\":\"TAZ\u00d3N\"}]},{\"@type\":\"WebSite\",\"@id\":\"https:\/\/copicor.com\/#website\",\"url\":\"https:\/\/copicor.com\/\",\"name\":\"Copicor\",\"description\":\"Copicor - Gr\u00e1ficos, Impresi\u00f3n y Personalizaci\u00f3n\",\"potentialAction\":[{\"@type\":\"SearchAction\",\"target\":{\"@type\":\"EntryPoint\",\"urlTemplate\":\"https:\/\/copicor.com\/?s={search_term_string}\"},\"query-input\":\"required name=search_term_string\"}],\"inLanguage\":\"es\"}]}<\/script>\n<!-- \/ Yoast SEO plugin. -->","yoast_head_json":{"title":"Copicor - TAZ\u00d3N","robots":{"index":"index","follow":"follow","max-snippet":"max-snippet:-1","max-image-preview":"max-image-preview:large","max-video-preview":"max-video-preview:-1"},"canonical":"http:\/\/copicor.com\/es\/producto\/caneca\/","og_locale":"es_ES","og_type":"article","og_title":"Copicor - TAZ\u00d3N","og_description":"Dimensiones generales - 80x95mm  \u00c1rea m\u00e1xima de personalizaci\u00f3n \u2013 97x210mm  Capacidad - 325ml  Material - Cer\u00e1mica  Personalizable por fuera","og_url":"http:\/\/copicor.com\/es\/producto\/caneca\/","og_site_name":"Copicor","article_modified_time":"2022-09-27T09:31:18+00:00","og_image":[{"width":567,"height":567,"url":"http:\/\/copicor.com\/wp-content\/uploads\/2022\/06\/caneca01.jpg","type":"image\/jpeg"}],"twitter_card":"summary_large_image","twitter_misc":{"Tiempo de lectura":"1 minuto"},"schema":{"@context":"https:\/\/schema.org","@graph":[{"@type":"WebPage","@id":"http:\/\/copicor.com\/es\/producto\/caneca\/","url":"http:\/\/copicor.com\/es\/producto\/caneca\/","name":"Copicor - TAZ\u00d3N","isPartOf":{"@id":"https:\/\/copicor.com\/#website"},"datePublished":"2022-06-08T15:32:24+00:00","dateModified":"2022-09-27T09:31:18+00:00","breadcrumb":{"@id":"http:\/\/copicor.com\/es\/producto\/caneca\/#breadcrumb"},"inLanguage":"es","potentialAction":[{"@type":"ReadAction","target":["http:\/\/copicor.com\/es\/producto\/caneca\/"]}]},{"@type":"BreadcrumbList","@id":"http:\/\/copicor.com\/es\/producto\/caneca\/#breadcrumb","itemListElement":[{"@type":"ListItem","position":1,"name":"Home","item":"http:\/\/copicor.com\/es\/"},{"@type":"ListItem","position":2,"name":"Loja","item":"http:\/\/copicor.com\/es\/shop-slug\/"},{"@type":"ListItem","position":3,"name":"TAZ\u00d3N"}]},{"@type":"WebSite","@id":"https:\/\/copicor.com\/#website","url":"https:\/\/copicor.com\/","name":"Copicor","description":"Copicor - Gr\u00e1ficos, Impresi\u00f3n y Personalizaci\u00f3n","potentialAction":[{"@type":"SearchAction","target":{"@type":"EntryPoint","urlTemplate":"https:\/\/copicor.com\/?s={search_term_string}"},"query-input":"required name=search_term_string"}],"inLanguage":"es"}]}},"_links":{"self":[{"href":"http:\/\/copicor.com\/es\/wp-json\/wp\/v2\/product\/6109","targetHints":{"allow":["GET"]}}],"collection":[{"href":"http:\/\/copicor.com\/es\/wp-json\/wp\/v2\/product"}],"about":[{"href":"http:\/\/copicor.com\/es\/wp-json\/wp\/v2\/types\/product"}],"wp:featuredmedia":[{"embeddable":true,"href":"http:\/\/copicor.com\/es\/wp-json\/wp\/v2\/media\/6848"}],"wp:attachment":[{"href":"http:\/\/copicor.com\/es\/wp-json\/wp\/v2\/media?parent=6109"}],"wp:term":[{"taxonomy":"product_cat","embeddable":true,"href":"http:\/\/copicor.com\/es\/wp-json\/wp\/v2\/product_cat?post=6109"},{"taxonomy":"product_tag","embeddable":true,"href":"http:\/\/copicor.com\/es\/wp-json\/wp\/v2\/product_tag?post=6109"}],"curies":[{"name":"wp","href":"https:\/\/api.w.org\/{rel}","templated":true}]}}