{"id":6363,"date":"2022-08-12T12:22:49","date_gmt":"2022-08-12T12:22:49","guid":{"rendered":"http:\/\/copicor.com\/product\/avental\/"},"modified":"2022-11-03T17:13:20","modified_gmt":"2022-11-03T17:13:20","slug":"avental","status":"publish","type":"product","link":"http:\/\/copicor.com\/es\/producto\/avental\/","title":{"rendered":"DELANTAL"},"content":{"rendered":"<p>Haz que alguien especial desfile por la cocina con un delantal personalizado.<\/p>\n<p>Elija uno de los muchos dise\u00f1os que ofrecemos, o utilice nuestro equipo de dise\u00f1o, donde nuestros profesionales dise\u00f1ar\u00e1n el dise\u00f1o m\u00e1s apropiado para usted y su trabajo.<\/p>\n","protected":false},"excerpt":{"rendered":"<ul>\n<li>Delantal adulto<\/li>\n<li><strong>\u00c1rea m\u00e1xima de personalizaci\u00f3n<\/strong> \u2013 290x410mm<\/li>\n<li>El color blanco<\/li>\n<li><strong>Material:<\/strong> Poli\u00e9ster<\/li>\n<li>Personalizable por un lado<\/li>\n<\/ul>\n","protected":false},"featured_media":6811,"template":"","meta":[],"product_cat":[334,337],"product_tag":[],"class_list":["post-6363","product","type-product","status-publish","has-post-thumbnail","hentry","product_cat-acessorios-personalizados-es","product_cat-avental-es"],"acf":[],"yoast_head":"<!-- This site is optimized with the Yoast SEO plugin v19.5.1 - https:\/\/yoast.com\/wordpress\/plugins\/seo\/ -->\n<title>Copicor - DELANTAL<\/title>\n<meta name=\"robots\" content=\"index, follow, max-snippet:-1, max-image-preview:large, max-video-preview:-1\" \/>\n<link rel=\"canonical\" href=\"http:\/\/copicor.com\/es\/producto\/avental\/\" \/>\n<meta property=\"og:locale\" content=\"es_ES\" \/>\n<meta property=\"og:type\" content=\"article\" \/>\n<meta property=\"og:title\" content=\"Copicor - DELANTAL\" \/>\n<meta property=\"og:description\" content=\"Delantal adulto  \u00c1rea m\u00e1xima de personalizaci\u00f3n \u2013 290x410mm  El color blanco  Material: Poli\u00e9ster  Personalizable por un lado\" \/>\n<meta property=\"og:url\" content=\"http:\/\/copicor.com\/es\/producto\/avental\/\" \/>\n<meta property=\"og:site_name\" content=\"Copicor\" \/>\n<meta property=\"article:modified_time\" content=\"2022-11-03T17:13:20+00:00\" \/>\n<meta property=\"og:image\" content=\"http:\/\/copicor.com\/wp-content\/uploads\/2022\/08\/avental03-scaled.jpg\" \/>\n\t<meta property=\"og:image:width\" content=\"2560\" \/>\n\t<meta property=\"og:image:height\" content=\"2560\" \/>\n\t<meta property=\"og:image:type\" content=\"image\/jpeg\" \/>\n<meta name=\"twitter:card\" content=\"summary_large_image\" \/>\n<meta name=\"twitter:label1\" content=\"Tiempo de lectura\" \/>\n\t<meta name=\"twitter:data1\" content=\"1 minuto\" \/>\n<script type=\"application\/ld+json\" class=\"yoast-schema-graph\">{\"@context\":\"https:\/\/schema.org\",\"@graph\":[{\"@type\":\"WebPage\",\"@id\":\"http:\/\/copicor.com\/es\/producto\/avental\/\",\"url\":\"http:\/\/copicor.com\/es\/producto\/avental\/\",\"name\":\"Copicor - DELANTAL\",\"isPartOf\":{\"@id\":\"https:\/\/copicor.com\/#website\"},\"datePublished\":\"2022-08-12T12:22:49+00:00\",\"dateModified\":\"2022-11-03T17:13:20+00:00\",\"breadcrumb\":{\"@id\":\"http:\/\/copicor.com\/es\/producto\/avental\/#breadcrumb\"},\"inLanguage\":\"es\",\"potentialAction\":[{\"@type\":\"ReadAction\",\"target\":[\"http:\/\/copicor.com\/es\/producto\/avental\/\"]}]},{\"@type\":\"BreadcrumbList\",\"@id\":\"http:\/\/copicor.com\/es\/producto\/avental\/#breadcrumb\",\"itemListElement\":[{\"@type\":\"ListItem\",\"position\":1,\"name\":\"Home\",\"item\":\"https:\/\/copicor.com\/es\/\"},{\"@type\":\"ListItem\",\"position\":2,\"name\":\"Loja\",\"item\":\"https:\/\/copicor.com\/shop-slug\/\"},{\"@type\":\"ListItem\",\"position\":3,\"name\":\"DELANTAL\"}]},{\"@type\":\"WebSite\",\"@id\":\"https:\/\/copicor.com\/#website\",\"url\":\"https:\/\/copicor.com\/\",\"name\":\"Copicor\",\"description\":\"Copicor - Gr\u00e1ficos, Impresi\u00f3n y Personalizaci\u00f3n\",\"potentialAction\":[{\"@type\":\"SearchAction\",\"target\":{\"@type\":\"EntryPoint\",\"urlTemplate\":\"https:\/\/copicor.com\/?s={search_term_string}\"},\"query-input\":\"required name=search_term_string\"}],\"inLanguage\":\"es\"}]}<\/script>\n<!-- \/ Yoast SEO plugin. -->","yoast_head_json":{"title":"Copicor - DELANTAL","robots":{"index":"index","follow":"follow","max-snippet":"max-snippet:-1","max-image-preview":"max-image-preview:large","max-video-preview":"max-video-preview:-1"},"canonical":"http:\/\/copicor.com\/es\/producto\/avental\/","og_locale":"es_ES","og_type":"article","og_title":"Copicor - DELANTAL","og_description":"Delantal adulto  \u00c1rea m\u00e1xima de personalizaci\u00f3n \u2013 290x410mm  El color blanco  Material: Poli\u00e9ster  Personalizable por un lado","og_url":"http:\/\/copicor.com\/es\/producto\/avental\/","og_site_name":"Copicor","article_modified_time":"2022-11-03T17:13:20+00:00","og_image":[{"width":2560,"height":2560,"url":"http:\/\/copicor.com\/wp-content\/uploads\/2022\/08\/avental03-scaled.jpg","type":"image\/jpeg"}],"twitter_card":"summary_large_image","twitter_misc":{"Tiempo de lectura":"1 minuto"},"schema":{"@context":"https:\/\/schema.org","@graph":[{"@type":"WebPage","@id":"http:\/\/copicor.com\/es\/producto\/avental\/","url":"http:\/\/copicor.com\/es\/producto\/avental\/","name":"Copicor - DELANTAL","isPartOf":{"@id":"https:\/\/copicor.com\/#website"},"datePublished":"2022-08-12T12:22:49+00:00","dateModified":"2022-11-03T17:13:20+00:00","breadcrumb":{"@id":"http:\/\/copicor.com\/es\/producto\/avental\/#breadcrumb"},"inLanguage":"es","potentialAction":[{"@type":"ReadAction","target":["http:\/\/copicor.com\/es\/producto\/avental\/"]}]},{"@type":"BreadcrumbList","@id":"http:\/\/copicor.com\/es\/producto\/avental\/#breadcrumb","itemListElement":[{"@type":"ListItem","position":1,"name":"Home","item":"https:\/\/copicor.com\/es\/"},{"@type":"ListItem","position":2,"name":"Loja","item":"https:\/\/copicor.com\/shop-slug\/"},{"@type":"ListItem","position":3,"name":"DELANTAL"}]},{"@type":"WebSite","@id":"https:\/\/copicor.com\/#website","url":"https:\/\/copicor.com\/","name":"Copicor","description":"Copicor - Gr\u00e1ficos, Impresi\u00f3n y Personalizaci\u00f3n","potentialAction":[{"@type":"SearchAction","target":{"@type":"EntryPoint","urlTemplate":"https:\/\/copicor.com\/?s={search_term_string}"},"query-input":"required name=search_term_string"}],"inLanguage":"es"}]}},"_links":{"self":[{"href":"http:\/\/copicor.com\/es\/wp-json\/wp\/v2\/product\/6363","targetHints":{"allow":["GET"]}}],"collection":[{"href":"http:\/\/copicor.com\/es\/wp-json\/wp\/v2\/product"}],"about":[{"href":"http:\/\/copicor.com\/es\/wp-json\/wp\/v2\/types\/product"}],"wp:featuredmedia":[{"embeddable":true,"href":"http:\/\/copicor.com\/es\/wp-json\/wp\/v2\/media\/6811"}],"wp:attachment":[{"href":"http:\/\/copicor.com\/es\/wp-json\/wp\/v2\/media?parent=6363"}],"wp:term":[{"taxonomy":"product_cat","embeddable":true,"href":"http:\/\/copicor.com\/es\/wp-json\/wp\/v2\/product_cat?post=6363"},{"taxonomy":"product_tag","embeddable":true,"href":"http:\/\/copicor.com\/es\/wp-json\/wp\/v2\/product_tag?post=6363"}],"curies":[{"name":"wp","href":"https:\/\/api.w.org\/{rel}","templated":true}]}}