{"id":6369,"date":"2022-08-12T14:42:43","date_gmt":"2022-08-12T14:42:43","guid":{"rendered":"http:\/\/copicor.com\/product\/cubo\/"},"modified":"2022-11-16T12:25:56","modified_gmt":"2022-11-16T12:25:56","slug":"cubo-pieza-decorativa","status":"publish","type":"product","link":"http:\/\/copicor.com\/es\/producto\/cubo-pieza-decorativa\/","title":{"rendered":"CUBO"},"content":{"rendered":"<p>Cualquier mueble de tu hogar lucir\u00e1 espectacular con esta pieza decorativa tan personal y familiar.<\/p>\n<p>Env\u00edanos tus im\u00e1genes y nuestro equipo de profesionales har\u00e1 el resto.<\/p>\n","protected":false},"excerpt":{"rendered":"<ul>\n<li>Cubo con bordes blancos<\/li>\n<li>Caja individual incluida<\/li>\n<\/ul>\n","protected":false},"featured_media":6862,"template":"","meta":[],"product_cat":[334,339],"product_tag":[],"class_list":["post-6369","product","type-product","status-publish","has-post-thumbnail","hentry","product_cat-acessorios-personalizados-es","product_cat-cubo-es"],"acf":[],"yoast_head":"<!-- This site is optimized with the Yoast SEO plugin v19.5.1 - https:\/\/yoast.com\/wordpress\/plugins\/seo\/ -->\n<title>Pieza Decorativa - Recuerda los Mejores Momentos de tu Vida!<\/title>\n<meta name=\"description\" content=\"Cualquier mueble de tu hogar lucir\u00e1 espectacular con esta pieza decorativa tan personal y familiar. Env\u00edanos tus im\u00e1genes.\" \/>\n<meta name=\"robots\" content=\"index, follow, max-snippet:-1, max-image-preview:large, max-video-preview:-1\" \/>\n<link rel=\"canonical\" href=\"http:\/\/copicor.com\/es\/producto\/cubo-pieza-decorativa\/\" \/>\n<meta property=\"og:locale\" content=\"es_ES\" \/>\n<meta property=\"og:type\" content=\"article\" \/>\n<meta property=\"og:title\" content=\"Pieza Decorativa - Recuerda los Mejores Momentos de tu Vida!\" \/>\n<meta property=\"og:description\" content=\"Cualquier mueble de tu hogar lucir\u00e1 espectacular con esta pieza decorativa tan personal y familiar. Env\u00edanos tus im\u00e1genes.\" \/>\n<meta property=\"og:url\" content=\"http:\/\/copicor.com\/es\/producto\/cubo-pieza-decorativa\/\" \/>\n<meta property=\"og:site_name\" content=\"Copicor\" \/>\n<meta property=\"article:modified_time\" content=\"2022-11-16T12:25:56+00:00\" \/>\n<meta property=\"og:image\" content=\"http:\/\/copicor.com\/wp-content\/uploads\/2022\/08\/cubo02-15x15-1.jpg\" \/>\n\t<meta property=\"og:image:width\" content=\"567\" \/>\n\t<meta property=\"og:image:height\" content=\"567\" \/>\n\t<meta property=\"og:image:type\" content=\"image\/jpeg\" \/>\n<meta name=\"twitter:card\" content=\"summary_large_image\" \/>\n<meta name=\"twitter:label1\" content=\"Tiempo de lectura\" \/>\n\t<meta name=\"twitter:data1\" content=\"1 minuto\" \/>\n<script type=\"application\/ld+json\" class=\"yoast-schema-graph\">{\"@context\":\"https:\/\/schema.org\",\"@graph\":[{\"@type\":\"WebPage\",\"@id\":\"http:\/\/copicor.com\/es\/producto\/cubo-pieza-decorativa\/\",\"url\":\"http:\/\/copicor.com\/es\/producto\/cubo-pieza-decorativa\/\",\"name\":\"Pieza Decorativa - Recuerda los Mejores Momentos de tu Vida!\",\"isPartOf\":{\"@id\":\"https:\/\/copicor.com\/#website\"},\"datePublished\":\"2022-08-12T14:42:43+00:00\",\"dateModified\":\"2022-11-16T12:25:56+00:00\",\"description\":\"Cualquier mueble de tu hogar lucir\u00e1 espectacular con esta pieza decorativa tan personal y familiar. Env\u00edanos tus im\u00e1genes.\",\"breadcrumb\":{\"@id\":\"http:\/\/copicor.com\/es\/producto\/cubo-pieza-decorativa\/#breadcrumb\"},\"inLanguage\":\"es\",\"potentialAction\":[{\"@type\":\"ReadAction\",\"target\":[\"http:\/\/copicor.com\/es\/producto\/cubo-pieza-decorativa\/\"]}]},{\"@type\":\"BreadcrumbList\",\"@id\":\"http:\/\/copicor.com\/es\/producto\/cubo-pieza-decorativa\/#breadcrumb\",\"itemListElement\":[{\"@type\":\"ListItem\",\"position\":1,\"name\":\"Home\",\"item\":\"http:\/\/copicor.com\/es\/\"},{\"@type\":\"ListItem\",\"position\":2,\"name\":\"Loja\",\"item\":\"http:\/\/copicor.com\/es\/shop-slug\/\"},{\"@type\":\"ListItem\",\"position\":3,\"name\":\"CUBO\"}]},{\"@type\":\"WebSite\",\"@id\":\"https:\/\/copicor.com\/#website\",\"url\":\"https:\/\/copicor.com\/\",\"name\":\"Copicor\",\"description\":\"Copicor - Gr\u00e1ficos, Impresi\u00f3n y Personalizaci\u00f3n\",\"potentialAction\":[{\"@type\":\"SearchAction\",\"target\":{\"@type\":\"EntryPoint\",\"urlTemplate\":\"https:\/\/copicor.com\/?s={search_term_string}\"},\"query-input\":\"required name=search_term_string\"}],\"inLanguage\":\"es\"}]}<\/script>\n<!-- \/ Yoast SEO plugin. -->","yoast_head_json":{"title":"Pieza Decorativa - Recuerda los Mejores Momentos de tu Vida!","description":"Cualquier mueble de tu hogar lucir\u00e1 espectacular con esta pieza decorativa tan personal y familiar. Env\u00edanos tus im\u00e1genes.","robots":{"index":"index","follow":"follow","max-snippet":"max-snippet:-1","max-image-preview":"max-image-preview:large","max-video-preview":"max-video-preview:-1"},"canonical":"http:\/\/copicor.com\/es\/producto\/cubo-pieza-decorativa\/","og_locale":"es_ES","og_type":"article","og_title":"Pieza Decorativa - Recuerda los Mejores Momentos de tu Vida!","og_description":"Cualquier mueble de tu hogar lucir\u00e1 espectacular con esta pieza decorativa tan personal y familiar. Env\u00edanos tus im\u00e1genes.","og_url":"http:\/\/copicor.com\/es\/producto\/cubo-pieza-decorativa\/","og_site_name":"Copicor","article_modified_time":"2022-11-16T12:25:56+00:00","og_image":[{"width":567,"height":567,"url":"http:\/\/copicor.com\/wp-content\/uploads\/2022\/08\/cubo02-15x15-1.jpg","type":"image\/jpeg"}],"twitter_card":"summary_large_image","twitter_misc":{"Tiempo de lectura":"1 minuto"},"schema":{"@context":"https:\/\/schema.org","@graph":[{"@type":"WebPage","@id":"http:\/\/copicor.com\/es\/producto\/cubo-pieza-decorativa\/","url":"http:\/\/copicor.com\/es\/producto\/cubo-pieza-decorativa\/","name":"Pieza Decorativa - Recuerda los Mejores Momentos de tu Vida!","isPartOf":{"@id":"https:\/\/copicor.com\/#website"},"datePublished":"2022-08-12T14:42:43+00:00","dateModified":"2022-11-16T12:25:56+00:00","description":"Cualquier mueble de tu hogar lucir\u00e1 espectacular con esta pieza decorativa tan personal y familiar. Env\u00edanos tus im\u00e1genes.","breadcrumb":{"@id":"http:\/\/copicor.com\/es\/producto\/cubo-pieza-decorativa\/#breadcrumb"},"inLanguage":"es","potentialAction":[{"@type":"ReadAction","target":["http:\/\/copicor.com\/es\/producto\/cubo-pieza-decorativa\/"]}]},{"@type":"BreadcrumbList","@id":"http:\/\/copicor.com\/es\/producto\/cubo-pieza-decorativa\/#breadcrumb","itemListElement":[{"@type":"ListItem","position":1,"name":"Home","item":"http:\/\/copicor.com\/es\/"},{"@type":"ListItem","position":2,"name":"Loja","item":"http:\/\/copicor.com\/es\/shop-slug\/"},{"@type":"ListItem","position":3,"name":"CUBO"}]},{"@type":"WebSite","@id":"https:\/\/copicor.com\/#website","url":"https:\/\/copicor.com\/","name":"Copicor","description":"Copicor - Gr\u00e1ficos, Impresi\u00f3n y Personalizaci\u00f3n","potentialAction":[{"@type":"SearchAction","target":{"@type":"EntryPoint","urlTemplate":"https:\/\/copicor.com\/?s={search_term_string}"},"query-input":"required name=search_term_string"}],"inLanguage":"es"}]}},"_links":{"self":[{"href":"http:\/\/copicor.com\/es\/wp-json\/wp\/v2\/product\/6369","targetHints":{"allow":["GET"]}}],"collection":[{"href":"http:\/\/copicor.com\/es\/wp-json\/wp\/v2\/product"}],"about":[{"href":"http:\/\/copicor.com\/es\/wp-json\/wp\/v2\/types\/product"}],"wp:featuredmedia":[{"embeddable":true,"href":"http:\/\/copicor.com\/es\/wp-json\/wp\/v2\/media\/6862"}],"wp:attachment":[{"href":"http:\/\/copicor.com\/es\/wp-json\/wp\/v2\/media?parent=6369"}],"wp:term":[{"taxonomy":"product_cat","embeddable":true,"href":"http:\/\/copicor.com\/es\/wp-json\/wp\/v2\/product_cat?post=6369"},{"taxonomy":"product_tag","embeddable":true,"href":"http:\/\/copicor.com\/es\/wp-json\/wp\/v2\/product_tag?post=6369"}],"curies":[{"name":"wp","href":"https:\/\/api.w.org\/{rel}","templated":true}]}}