{"id":6645,"date":"2022-09-27T10:22:30","date_gmt":"2022-09-27T10:22:30","guid":{"rendered":"http:\/\/copicor.com\/product\/base-de-copos\/"},"modified":"2022-11-16T12:19:37","modified_gmt":"2022-11-16T12:19:37","slug":"portavasos","status":"publish","type":"product","link":"http:\/\/copicor.com\/es\/producto\/portavasos\/","title":{"rendered":"PORTAVASOS"},"content":{"rendered":"<pre id=\"tw-target-text\" class=\"tw-data-text tw-text-large tw-ta\" dir=\"ltr\" data-placeholder=\"Tradu\u00e7\u00e3o\"><span class=\"Y2IQFc\" lang=\"es\">\u00a1Protege tu mesa y al mismo tiempo dec\u00f3rala! Los posavasos son muy \u00fatiles en cualquier hogar, lo que los convierte en un regalo \u00fanico y original.\r\n\r\nElija uno de los muchos dise\u00f1os que ofrecemos, o utilice nuestro equipo de dise\u00f1o, donde nuestros profesionales dise\u00f1ar\u00e1n el dise\u00f1o m\u00e1s apropiado para usted y su trabajo.<\/span><\/pre>\n","protected":false},"excerpt":{"rendered":"<ul>\n<li><strong>Dimens\u00f5es Gerais &#8211;<\/strong> 95 x 95 mm<\/li>\n<li><strong>Espessura &#8211;\u00a0<\/strong>4 mm<\/li>\n<li>Material: MDF e corti\u00e7a<\/li>\n<\/ul>\n","protected":false},"featured_media":6648,"template":"","meta":[],"product_cat":[334,351],"product_tag":[],"class_list":["post-6645","product","type-product","status-publish","has-post-thumbnail","hentry","product_cat-acessorios-personalizados-es","product_cat-base-de-copos-es"],"acf":[],"yoast_head":"<!-- This site is optimized with the Yoast SEO plugin v19.5.1 - https:\/\/yoast.com\/wordpress\/plugins\/seo\/ -->\n<title>Portavasos Personalizados - Copicor | Ponta Delgada<\/title>\n<meta name=\"description\" content=\"Los portavasos son muy \u00fatiles en cualquier hogar, lo que los convierte en un regalo \u00fanico y original. Habla con nosotros!\" \/>\n<meta name=\"robots\" content=\"index, follow, max-snippet:-1, max-image-preview:large, max-video-preview:-1\" \/>\n<link rel=\"canonical\" href=\"http:\/\/copicor.com\/es\/producto\/portavasos\/\" \/>\n<meta property=\"og:locale\" content=\"es_ES\" \/>\n<meta property=\"og:type\" content=\"article\" \/>\n<meta property=\"og:title\" content=\"Portavasos Personalizados - Copicor | Ponta Delgada\" \/>\n<meta property=\"og:description\" content=\"Los portavasos son muy \u00fatiles en cualquier hogar, lo que los convierte en un regalo \u00fanico y original. Habla con nosotros!\" \/>\n<meta property=\"og:url\" content=\"http:\/\/copicor.com\/es\/producto\/portavasos\/\" \/>\n<meta property=\"og:site_name\" content=\"Copicor\" \/>\n<meta property=\"article:modified_time\" content=\"2022-11-16T12:19:37+00:00\" \/>\n<meta property=\"og:image\" content=\"http:\/\/copicor.com\/wp-content\/uploads\/2022\/09\/base-redonda-2-montagem-scaled.jpg\" \/>\n\t<meta property=\"og:image:width\" content=\"2102\" \/>\n\t<meta property=\"og:image:height\" content=\"2560\" \/>\n\t<meta property=\"og:image:type\" content=\"image\/jpeg\" \/>\n<meta name=\"twitter:card\" content=\"summary_large_image\" \/>\n<meta name=\"twitter:label1\" content=\"Tiempo de lectura\" \/>\n\t<meta name=\"twitter:data1\" content=\"1 minuto\" \/>\n<script type=\"application\/ld+json\" class=\"yoast-schema-graph\">{\"@context\":\"https:\/\/schema.org\",\"@graph\":[{\"@type\":\"WebPage\",\"@id\":\"http:\/\/copicor.com\/es\/producto\/portavasos\/\",\"url\":\"http:\/\/copicor.com\/es\/producto\/portavasos\/\",\"name\":\"Portavasos Personalizados - Copicor | Ponta Delgada\",\"isPartOf\":{\"@id\":\"https:\/\/copicor.com\/#website\"},\"datePublished\":\"2022-09-27T10:22:30+00:00\",\"dateModified\":\"2022-11-16T12:19:37+00:00\",\"description\":\"Los portavasos son muy \u00fatiles en cualquier hogar, lo que los convierte en un regalo \u00fanico y original. Habla con nosotros!\",\"breadcrumb\":{\"@id\":\"http:\/\/copicor.com\/es\/producto\/portavasos\/#breadcrumb\"},\"inLanguage\":\"es\",\"potentialAction\":[{\"@type\":\"ReadAction\",\"target\":[\"http:\/\/copicor.com\/es\/producto\/portavasos\/\"]}]},{\"@type\":\"BreadcrumbList\",\"@id\":\"http:\/\/copicor.com\/es\/producto\/portavasos\/#breadcrumb\",\"itemListElement\":[{\"@type\":\"ListItem\",\"position\":1,\"name\":\"Home\",\"item\":\"http:\/\/copicor.com\/es\/\"},{\"@type\":\"ListItem\",\"position\":2,\"name\":\"Loja\",\"item\":\"http:\/\/copicor.com\/shop-slug\/\"},{\"@type\":\"ListItem\",\"position\":3,\"name\":\"PORTAVASOS\"}]},{\"@type\":\"WebSite\",\"@id\":\"https:\/\/copicor.com\/#website\",\"url\":\"https:\/\/copicor.com\/\",\"name\":\"Copicor\",\"description\":\"Copicor - Gr\u00e1ficos, Impresi\u00f3n y Personalizaci\u00f3n\",\"potentialAction\":[{\"@type\":\"SearchAction\",\"target\":{\"@type\":\"EntryPoint\",\"urlTemplate\":\"https:\/\/copicor.com\/?s={search_term_string}\"},\"query-input\":\"required name=search_term_string\"}],\"inLanguage\":\"es\"}]}<\/script>\n<!-- \/ Yoast SEO plugin. -->","yoast_head_json":{"title":"Portavasos Personalizados - Copicor | Ponta Delgada","description":"Los portavasos son muy \u00fatiles en cualquier hogar, lo que los convierte en un regalo \u00fanico y original. Habla con nosotros!","robots":{"index":"index","follow":"follow","max-snippet":"max-snippet:-1","max-image-preview":"max-image-preview:large","max-video-preview":"max-video-preview:-1"},"canonical":"http:\/\/copicor.com\/es\/producto\/portavasos\/","og_locale":"es_ES","og_type":"article","og_title":"Portavasos Personalizados - Copicor | Ponta Delgada","og_description":"Los portavasos son muy \u00fatiles en cualquier hogar, lo que los convierte en un regalo \u00fanico y original. Habla con nosotros!","og_url":"http:\/\/copicor.com\/es\/producto\/portavasos\/","og_site_name":"Copicor","article_modified_time":"2022-11-16T12:19:37+00:00","og_image":[{"width":2102,"height":2560,"url":"http:\/\/copicor.com\/wp-content\/uploads\/2022\/09\/base-redonda-2-montagem-scaled.jpg","type":"image\/jpeg"}],"twitter_card":"summary_large_image","twitter_misc":{"Tiempo de lectura":"1 minuto"},"schema":{"@context":"https:\/\/schema.org","@graph":[{"@type":"WebPage","@id":"http:\/\/copicor.com\/es\/producto\/portavasos\/","url":"http:\/\/copicor.com\/es\/producto\/portavasos\/","name":"Portavasos Personalizados - Copicor | Ponta Delgada","isPartOf":{"@id":"https:\/\/copicor.com\/#website"},"datePublished":"2022-09-27T10:22:30+00:00","dateModified":"2022-11-16T12:19:37+00:00","description":"Los portavasos son muy \u00fatiles en cualquier hogar, lo que los convierte en un regalo \u00fanico y original. Habla con nosotros!","breadcrumb":{"@id":"http:\/\/copicor.com\/es\/producto\/portavasos\/#breadcrumb"},"inLanguage":"es","potentialAction":[{"@type":"ReadAction","target":["http:\/\/copicor.com\/es\/producto\/portavasos\/"]}]},{"@type":"BreadcrumbList","@id":"http:\/\/copicor.com\/es\/producto\/portavasos\/#breadcrumb","itemListElement":[{"@type":"ListItem","position":1,"name":"Home","item":"http:\/\/copicor.com\/es\/"},{"@type":"ListItem","position":2,"name":"Loja","item":"http:\/\/copicor.com\/shop-slug\/"},{"@type":"ListItem","position":3,"name":"PORTAVASOS"}]},{"@type":"WebSite","@id":"https:\/\/copicor.com\/#website","url":"https:\/\/copicor.com\/","name":"Copicor","description":"Copicor - Gr\u00e1ficos, Impresi\u00f3n y Personalizaci\u00f3n","potentialAction":[{"@type":"SearchAction","target":{"@type":"EntryPoint","urlTemplate":"https:\/\/copicor.com\/?s={search_term_string}"},"query-input":"required name=search_term_string"}],"inLanguage":"es"}]}},"_links":{"self":[{"href":"http:\/\/copicor.com\/es\/wp-json\/wp\/v2\/product\/6645","targetHints":{"allow":["GET"]}}],"collection":[{"href":"http:\/\/copicor.com\/es\/wp-json\/wp\/v2\/product"}],"about":[{"href":"http:\/\/copicor.com\/es\/wp-json\/wp\/v2\/types\/product"}],"wp:featuredmedia":[{"embeddable":true,"href":"http:\/\/copicor.com\/es\/wp-json\/wp\/v2\/media\/6648"}],"wp:attachment":[{"href":"http:\/\/copicor.com\/es\/wp-json\/wp\/v2\/media?parent=6645"}],"wp:term":[{"taxonomy":"product_cat","embeddable":true,"href":"http:\/\/copicor.com\/es\/wp-json\/wp\/v2\/product_cat?post=6645"},{"taxonomy":"product_tag","embeddable":true,"href":"http:\/\/copicor.com\/es\/wp-json\/wp\/v2\/product_tag?post=6645"}],"curies":[{"name":"wp","href":"https:\/\/api.w.org\/{rel}","templated":true}]}}