{"id":6698,"date":"2022-09-27T12:51:48","date_gmt":"2022-09-27T12:51:48","guid":{"rendered":"http:\/\/copicor.com\/product\/photoglobo\/"},"modified":"2022-11-16T12:05:13","modified_gmt":"2022-11-16T12:05:13","slug":"photoglobo","status":"publish","type":"product","link":"http:\/\/copicor.com\/es\/producto\/photoglobo\/","title":{"rendered":"PHOTOGLOBOS"},"content":{"rendered":"<p>Este es sin duda uno de los regalos m\u00e1s sorprendentes y apropiados para todas las personas y ocasiones.<\/p>\n<p>Elija entre la variedad de dise\u00f1os que ofrecemos, o recurra a nuestro equipo de dise\u00f1o, donde nuestros profesionales realizar\u00e1n el dise\u00f1o m\u00e1s adecuado para usted y su obra.<\/p>\n","protected":false},"excerpt":{"rendered":"<ul>\n<li><strong>Dimensiones Generales &#8211; <\/strong>90 x 75 mm<\/li>\n<li><strong>M\u00e1xima \u00e1rea de Personalizaci\u00f3n &#8211;<\/strong> 62 x 69mm<\/li>\n<li><strong>Material:<\/strong> acr\u00edlico<\/li>\n<li>Personalizable por ambos lados<\/li>\n<\/ul>\n","protected":false},"featured_media":6895,"template":"","meta":[],"product_cat":[334,357],"product_tag":[],"class_list":["post-6698","product","type-product","status-publish","has-post-thumbnail","hentry","product_cat-acessorios-personalizados-es","product_cat-photoglobos-es"],"acf":[],"yoast_head":"<!-- This site is optimized with the Yoast SEO plugin v19.5.1 - https:\/\/yoast.com\/wordpress\/plugins\/seo\/ -->\n<title>Regalos Diferentes y con Estilo! - PHOTOGLOBOS | Copicor<\/title>\n<meta name=\"description\" content=\"Este es sin duda uno de los regalos diferentes m\u00e1s sorprendentes para todas las personas y ocasiones.\u00a0Elija entre la variedad de dise\u00f1os que le ofrecemos.\" \/>\n<meta name=\"robots\" content=\"index, follow, max-snippet:-1, max-image-preview:large, max-video-preview:-1\" \/>\n<link rel=\"canonical\" href=\"http:\/\/copicor.com\/es\/producto\/photoglobo\/\" \/>\n<meta property=\"og:locale\" content=\"es_ES\" \/>\n<meta property=\"og:type\" content=\"article\" \/>\n<meta property=\"og:title\" content=\"Regalos Diferentes y con Estilo! - PHOTOGLOBOS | Copicor\" \/>\n<meta property=\"og:description\" content=\"Este es sin duda uno de los regalos diferentes m\u00e1s sorprendentes para todas las personas y ocasiones.\u00a0Elija entre la variedad de dise\u00f1os que le ofrecemos.\" \/>\n<meta property=\"og:url\" content=\"http:\/\/copicor.com\/es\/producto\/photoglobo\/\" \/>\n<meta property=\"og:site_name\" content=\"Copicor\" \/>\n<meta property=\"article:modified_time\" content=\"2022-11-16T12:05:13+00:00\" \/>\n<meta property=\"og:image\" content=\"http:\/\/copicor.com\/wp-content\/uploads\/2022\/09\/photoglobo-2.jpg\" \/>\n\t<meta property=\"og:image:width\" content=\"567\" \/>\n\t<meta property=\"og:image:height\" content=\"567\" \/>\n\t<meta property=\"og:image:type\" content=\"image\/jpeg\" \/>\n<meta name=\"twitter:card\" content=\"summary_large_image\" \/>\n<meta name=\"twitter:label1\" content=\"Tiempo de lectura\" \/>\n\t<meta name=\"twitter:data1\" content=\"1 minuto\" \/>\n<script type=\"application\/ld+json\" class=\"yoast-schema-graph\">{\"@context\":\"https:\/\/schema.org\",\"@graph\":[{\"@type\":\"WebPage\",\"@id\":\"http:\/\/copicor.com\/es\/producto\/photoglobo\/\",\"url\":\"http:\/\/copicor.com\/es\/producto\/photoglobo\/\",\"name\":\"Regalos Diferentes y con Estilo! - PHOTOGLOBOS | Copicor\",\"isPartOf\":{\"@id\":\"https:\/\/copicor.com\/#website\"},\"datePublished\":\"2022-09-27T12:51:48+00:00\",\"dateModified\":\"2022-11-16T12:05:13+00:00\",\"description\":\"Este es sin duda uno de los regalos diferentes m\u00e1s sorprendentes para todas las personas y ocasiones.\u00a0Elija entre la variedad de dise\u00f1os que le ofrecemos.\",\"breadcrumb\":{\"@id\":\"http:\/\/copicor.com\/es\/producto\/photoglobo\/#breadcrumb\"},\"inLanguage\":\"es\",\"potentialAction\":[{\"@type\":\"ReadAction\",\"target\":[\"http:\/\/copicor.com\/es\/producto\/photoglobo\/\"]}]},{\"@type\":\"BreadcrumbList\",\"@id\":\"http:\/\/copicor.com\/es\/producto\/photoglobo\/#breadcrumb\",\"itemListElement\":[{\"@type\":\"ListItem\",\"position\":1,\"name\":\"Home\",\"item\":\"https:\/\/copicor.com\/es\/\"},{\"@type\":\"ListItem\",\"position\":2,\"name\":\"Loja\",\"item\":\"https:\/\/copicor.com\/shop-slug\/\"},{\"@type\":\"ListItem\",\"position\":3,\"name\":\"PHOTOGLOBOS\"}]},{\"@type\":\"WebSite\",\"@id\":\"https:\/\/copicor.com\/#website\",\"url\":\"https:\/\/copicor.com\/\",\"name\":\"Copicor\",\"description\":\"Copicor - Gr\u00e1ficos, Impresi\u00f3n y Personalizaci\u00f3n\",\"potentialAction\":[{\"@type\":\"SearchAction\",\"target\":{\"@type\":\"EntryPoint\",\"urlTemplate\":\"https:\/\/copicor.com\/?s={search_term_string}\"},\"query-input\":\"required name=search_term_string\"}],\"inLanguage\":\"es\"}]}<\/script>\n<!-- \/ Yoast SEO plugin. -->","yoast_head_json":{"title":"Regalos Diferentes y con Estilo! - PHOTOGLOBOS | Copicor","description":"Este es sin duda uno de los regalos diferentes m\u00e1s sorprendentes para todas las personas y ocasiones.\u00a0Elija entre la variedad de dise\u00f1os que le ofrecemos.","robots":{"index":"index","follow":"follow","max-snippet":"max-snippet:-1","max-image-preview":"max-image-preview:large","max-video-preview":"max-video-preview:-1"},"canonical":"http:\/\/copicor.com\/es\/producto\/photoglobo\/","og_locale":"es_ES","og_type":"article","og_title":"Regalos Diferentes y con Estilo! - PHOTOGLOBOS | Copicor","og_description":"Este es sin duda uno de los regalos diferentes m\u00e1s sorprendentes para todas las personas y ocasiones.\u00a0Elija entre la variedad de dise\u00f1os que le ofrecemos.","og_url":"http:\/\/copicor.com\/es\/producto\/photoglobo\/","og_site_name":"Copicor","article_modified_time":"2022-11-16T12:05:13+00:00","og_image":[{"width":567,"height":567,"url":"http:\/\/copicor.com\/wp-content\/uploads\/2022\/09\/photoglobo-2.jpg","type":"image\/jpeg"}],"twitter_card":"summary_large_image","twitter_misc":{"Tiempo de lectura":"1 minuto"},"schema":{"@context":"https:\/\/schema.org","@graph":[{"@type":"WebPage","@id":"http:\/\/copicor.com\/es\/producto\/photoglobo\/","url":"http:\/\/copicor.com\/es\/producto\/photoglobo\/","name":"Regalos Diferentes y con Estilo! - PHOTOGLOBOS | Copicor","isPartOf":{"@id":"https:\/\/copicor.com\/#website"},"datePublished":"2022-09-27T12:51:48+00:00","dateModified":"2022-11-16T12:05:13+00:00","description":"Este es sin duda uno de los regalos diferentes m\u00e1s sorprendentes para todas las personas y ocasiones.\u00a0Elija entre la variedad de dise\u00f1os que le ofrecemos.","breadcrumb":{"@id":"http:\/\/copicor.com\/es\/producto\/photoglobo\/#breadcrumb"},"inLanguage":"es","potentialAction":[{"@type":"ReadAction","target":["http:\/\/copicor.com\/es\/producto\/photoglobo\/"]}]},{"@type":"BreadcrumbList","@id":"http:\/\/copicor.com\/es\/producto\/photoglobo\/#breadcrumb","itemListElement":[{"@type":"ListItem","position":1,"name":"Home","item":"https:\/\/copicor.com\/es\/"},{"@type":"ListItem","position":2,"name":"Loja","item":"https:\/\/copicor.com\/shop-slug\/"},{"@type":"ListItem","position":3,"name":"PHOTOGLOBOS"}]},{"@type":"WebSite","@id":"https:\/\/copicor.com\/#website","url":"https:\/\/copicor.com\/","name":"Copicor","description":"Copicor - Gr\u00e1ficos, Impresi\u00f3n y Personalizaci\u00f3n","potentialAction":[{"@type":"SearchAction","target":{"@type":"EntryPoint","urlTemplate":"https:\/\/copicor.com\/?s={search_term_string}"},"query-input":"required name=search_term_string"}],"inLanguage":"es"}]}},"_links":{"self":[{"href":"http:\/\/copicor.com\/es\/wp-json\/wp\/v2\/product\/6698","targetHints":{"allow":["GET"]}}],"collection":[{"href":"http:\/\/copicor.com\/es\/wp-json\/wp\/v2\/product"}],"about":[{"href":"http:\/\/copicor.com\/es\/wp-json\/wp\/v2\/types\/product"}],"wp:featuredmedia":[{"embeddable":true,"href":"http:\/\/copicor.com\/es\/wp-json\/wp\/v2\/media\/6895"}],"wp:attachment":[{"href":"http:\/\/copicor.com\/es\/wp-json\/wp\/v2\/media?parent=6698"}],"wp:term":[{"taxonomy":"product_cat","embeddable":true,"href":"http:\/\/copicor.com\/es\/wp-json\/wp\/v2\/product_cat?post=6698"},{"taxonomy":"product_tag","embeddable":true,"href":"http:\/\/copicor.com\/es\/wp-json\/wp\/v2\/product_tag?post=6698"}],"curies":[{"name":"wp","href":"https:\/\/api.w.org\/{rel}","templated":true}]}}