{"id":6728,"date":"2022-09-27T10:22:30","date_gmt":"2022-09-27T10:22:30","guid":{"rendered":"http:\/\/copicor.com\/?post_type=product&#038;p=6728"},"modified":"2022-11-17T09:54:52","modified_gmt":"2022-11-17T09:54:52","slug":"posavasos","status":"publish","type":"product","link":"http:\/\/copicor.com\/es\/producto\/posavasos\/","title":{"rendered":"Posavasos"},"content":{"rendered":"<p>Proteja su mesa y dec\u00f3rela al mismo tiempo. Los posavasos son muy \u00fatiles en cualquier hogar y pueden convertirse en un regalo \u00fanico y original.<\/p>\n<p>Elija entre la variedad de dise\u00f1os que le ofrecemos, o recurra a nuestro equipo de dise\u00f1o, donde nuestros profesionales realizar\u00e1n el dise\u00f1o m\u00e1s adecuado para usted y su obra.<\/p>\n","protected":false},"excerpt":{"rendered":"<ul>\n<li><strong>Dimensiones generales &#8211;<\/strong> 95 x 95 mm<\/li>\n<li><strong>Espesor &#8211;<\/strong> 4 mm<\/li>\n<li>Material: MDF y corcho<\/li>\n<\/ul>\n","protected":false},"featured_media":6835,"template":"","meta":[],"product_cat":[334,351],"product_tag":[],"class_list":["post-6728","product","type-product","status-publish","has-post-thumbnail","hentry","product_cat-acessorios-personalizados-es","product_cat-base-de-copos-es"],"acf":[],"yoast_head":"<!-- This site is optimized with the Yoast SEO plugin v19.5.1 - https:\/\/yoast.com\/wordpress\/plugins\/seo\/ -->\n<title>Copicor - Posavasos<\/title>\n<meta name=\"description\" content=\"Proteja su mesa y dec\u00f3rela al mismo tiempo. Los posavasos son muy \u00fatiles en cualquier hogar y pueden convertirse en un regalo \u00fanico y original.\u00a0\" \/>\n<meta name=\"robots\" content=\"index, follow, max-snippet:-1, max-image-preview:large, max-video-preview:-1\" \/>\n<link rel=\"canonical\" href=\"http:\/\/copicor.com\/es\/producto\/posavasos\/\" \/>\n<meta property=\"og:locale\" content=\"es_ES\" \/>\n<meta property=\"og:type\" content=\"article\" \/>\n<meta property=\"og:title\" content=\"Copicor - Posavasos\" \/>\n<meta property=\"og:description\" content=\"Proteja su mesa y dec\u00f3rela al mismo tiempo. Los posavasos son muy \u00fatiles en cualquier hogar y pueden convertirse en un regalo \u00fanico y original.\u00a0\" \/>\n<meta property=\"og:url\" content=\"http:\/\/copicor.com\/es\/producto\/posavasos\/\" \/>\n<meta property=\"og:site_name\" content=\"Copicor\" \/>\n<meta property=\"article:modified_time\" content=\"2022-11-17T09:54:52+00:00\" \/>\n<meta property=\"og:image\" content=\"http:\/\/copicor.com\/wp-content\/uploads\/2022\/09\/base-redondo01-scaled.jpg\" \/>\n\t<meta property=\"og:image:width\" content=\"2560\" \/>\n\t<meta property=\"og:image:height\" content=\"2560\" \/>\n\t<meta property=\"og:image:type\" content=\"image\/jpeg\" \/>\n<meta name=\"twitter:card\" content=\"summary_large_image\" \/>\n<meta name=\"twitter:label1\" content=\"Tiempo de lectura\" \/>\n\t<meta name=\"twitter:data1\" content=\"1 minuto\" \/>\n<script type=\"application\/ld+json\" class=\"yoast-schema-graph\">{\"@context\":\"https:\/\/schema.org\",\"@graph\":[{\"@type\":\"WebPage\",\"@id\":\"http:\/\/copicor.com\/es\/producto\/posavasos\/\",\"url\":\"http:\/\/copicor.com\/es\/producto\/posavasos\/\",\"name\":\"Copicor - Posavasos\",\"isPartOf\":{\"@id\":\"http:\/\/copicor.com\/#website\"},\"datePublished\":\"2022-09-27T10:22:30+00:00\",\"dateModified\":\"2022-11-17T09:54:52+00:00\",\"description\":\"Proteja su mesa y dec\u00f3rela al mismo tiempo. Los posavasos son muy \u00fatiles en cualquier hogar y pueden convertirse en un regalo \u00fanico y original.\u00a0\",\"breadcrumb\":{\"@id\":\"http:\/\/copicor.com\/es\/producto\/posavasos\/#breadcrumb\"},\"inLanguage\":\"es\",\"potentialAction\":[{\"@type\":\"ReadAction\",\"target\":[\"http:\/\/copicor.com\/es\/producto\/posavasos\/\"]}]},{\"@type\":\"BreadcrumbList\",\"@id\":\"http:\/\/copicor.com\/es\/producto\/posavasos\/#breadcrumb\",\"itemListElement\":[{\"@type\":\"ListItem\",\"position\":1,\"name\":\"Home\",\"item\":\"http:\/\/copicor.com\/es\/\"},{\"@type\":\"ListItem\",\"position\":2,\"name\":\"Loja\",\"item\":\"http:\/\/copicor.com\/es\/shop-slug\/\"},{\"@type\":\"ListItem\",\"position\":3,\"name\":\"Posavasos\"}]},{\"@type\":\"WebSite\",\"@id\":\"http:\/\/copicor.com\/#website\",\"url\":\"http:\/\/copicor.com\/\",\"name\":\"Copicor\",\"description\":\"Copicor - Gr\u00e1ficos, Impresi\u00f3n y Personalizaci\u00f3n\",\"potentialAction\":[{\"@type\":\"SearchAction\",\"target\":{\"@type\":\"EntryPoint\",\"urlTemplate\":\"http:\/\/copicor.com\/?s={search_term_string}\"},\"query-input\":\"required name=search_term_string\"}],\"inLanguage\":\"es\"}]}<\/script>\n<!-- \/ Yoast SEO plugin. -->","yoast_head_json":{"title":"Copicor - Posavasos","description":"Proteja su mesa y dec\u00f3rela al mismo tiempo. Los posavasos son muy \u00fatiles en cualquier hogar y pueden convertirse en un regalo \u00fanico y original.\u00a0","robots":{"index":"index","follow":"follow","max-snippet":"max-snippet:-1","max-image-preview":"max-image-preview:large","max-video-preview":"max-video-preview:-1"},"canonical":"http:\/\/copicor.com\/es\/producto\/posavasos\/","og_locale":"es_ES","og_type":"article","og_title":"Copicor - Posavasos","og_description":"Proteja su mesa y dec\u00f3rela al mismo tiempo. Los posavasos son muy \u00fatiles en cualquier hogar y pueden convertirse en un regalo \u00fanico y original.\u00a0","og_url":"http:\/\/copicor.com\/es\/producto\/posavasos\/","og_site_name":"Copicor","article_modified_time":"2022-11-17T09:54:52+00:00","og_image":[{"width":2560,"height":2560,"url":"http:\/\/copicor.com\/wp-content\/uploads\/2022\/09\/base-redondo01-scaled.jpg","type":"image\/jpeg"}],"twitter_card":"summary_large_image","twitter_misc":{"Tiempo de lectura":"1 minuto"},"schema":{"@context":"https:\/\/schema.org","@graph":[{"@type":"WebPage","@id":"http:\/\/copicor.com\/es\/producto\/posavasos\/","url":"http:\/\/copicor.com\/es\/producto\/posavasos\/","name":"Copicor - Posavasos","isPartOf":{"@id":"http:\/\/copicor.com\/#website"},"datePublished":"2022-09-27T10:22:30+00:00","dateModified":"2022-11-17T09:54:52+00:00","description":"Proteja su mesa y dec\u00f3rela al mismo tiempo. Los posavasos son muy \u00fatiles en cualquier hogar y pueden convertirse en un regalo \u00fanico y original.\u00a0","breadcrumb":{"@id":"http:\/\/copicor.com\/es\/producto\/posavasos\/#breadcrumb"},"inLanguage":"es","potentialAction":[{"@type":"ReadAction","target":["http:\/\/copicor.com\/es\/producto\/posavasos\/"]}]},{"@type":"BreadcrumbList","@id":"http:\/\/copicor.com\/es\/producto\/posavasos\/#breadcrumb","itemListElement":[{"@type":"ListItem","position":1,"name":"Home","item":"http:\/\/copicor.com\/es\/"},{"@type":"ListItem","position":2,"name":"Loja","item":"http:\/\/copicor.com\/es\/shop-slug\/"},{"@type":"ListItem","position":3,"name":"Posavasos"}]},{"@type":"WebSite","@id":"http:\/\/copicor.com\/#website","url":"http:\/\/copicor.com\/","name":"Copicor","description":"Copicor - Gr\u00e1ficos, Impresi\u00f3n y Personalizaci\u00f3n","potentialAction":[{"@type":"SearchAction","target":{"@type":"EntryPoint","urlTemplate":"http:\/\/copicor.com\/?s={search_term_string}"},"query-input":"required name=search_term_string"}],"inLanguage":"es"}]}},"_links":{"self":[{"href":"http:\/\/copicor.com\/es\/wp-json\/wp\/v2\/product\/6728","targetHints":{"allow":["GET"]}}],"collection":[{"href":"http:\/\/copicor.com\/es\/wp-json\/wp\/v2\/product"}],"about":[{"href":"http:\/\/copicor.com\/es\/wp-json\/wp\/v2\/types\/product"}],"wp:featuredmedia":[{"embeddable":true,"href":"http:\/\/copicor.com\/es\/wp-json\/wp\/v2\/media\/6835"}],"wp:attachment":[{"href":"http:\/\/copicor.com\/es\/wp-json\/wp\/v2\/media?parent=6728"}],"wp:term":[{"taxonomy":"product_cat","embeddable":true,"href":"http:\/\/copicor.com\/es\/wp-json\/wp\/v2\/product_cat?post=6728"},{"taxonomy":"product_tag","embeddable":true,"href":"http:\/\/copicor.com\/es\/wp-json\/wp\/v2\/product_tag?post=6728"}],"curies":[{"name":"wp","href":"https:\/\/api.w.org\/{rel}","templated":true}]}}