{"id":7142,"date":"2022-11-03T16:21:54","date_gmt":"2022-11-03T16:21:54","guid":{"rendered":"https:\/\/copicor.com\/?post_type=product&#038;p=7142"},"modified":"2022-11-16T11:53:39","modified_gmt":"2022-11-16T11:53:39","slug":"camiseta-mujer","status":"publish","type":"product","link":"http:\/\/copicor.com\/es\/producto\/camiseta-mujer\/","title":{"rendered":"CAMISETA MUJER"},"content":{"rendered":"","protected":false},"excerpt":{"rendered":"<ul>\n<li><strong>Modelo Regular Lady Comfort (manga corta)<\/strong><\/li>\n<li>No necesitas una raz\u00f3n para llevar una camiseta personalizada. Muy c\u00f3moda, te encantar\u00e1 c\u00f3mo se lleva. Camiseta de mujer ajustada al cuerpo. Suave, c\u00f3moda y duradera.\n<ul>\n<li>Puntada suave<\/li>\n<li>Ligeramente ce\u00f1ida<\/li>\n<li>145g\/m2 aprox.<\/li>\n<\/ul>\n<\/li>\n<\/ul>\n","protected":false},"featured_media":6919,"template":"","meta":[],"product_cat":[289,298],"product_tag":[],"class_list":["post-7142","product","type-product","status-publish","has-post-thumbnail","hentry","product_cat-camisetas","product_cat-hombre"],"acf":[],"yoast_head":"<!-- This site is optimized with the Yoast SEO plugin v19.5.1 - https:\/\/yoast.com\/wordpress\/plugins\/seo\/ -->\n<title>Camisetas Mujer - Personaliza a Tu Gusto! | Copicor<\/title>\n<meta name=\"description\" content=\"Personaliza tus camisetas de mujer o regala a qui\u00e9n m\u00e1s amas! Con Copicor, puedes ser s\u00faper creativo y tener muy estilo! Habla con nosotros.\" \/>\n<meta name=\"robots\" content=\"index, follow, max-snippet:-1, max-image-preview:large, max-video-preview:-1\" \/>\n<link rel=\"canonical\" href=\"http:\/\/copicor.com\/es\/producto\/camiseta-mujer\/\" \/>\n<meta property=\"og:locale\" content=\"es_ES\" \/>\n<meta property=\"og:type\" content=\"article\" \/>\n<meta property=\"og:title\" content=\"Camisetas Mujer - Personaliza a Tu Gusto! | Copicor\" \/>\n<meta property=\"og:description\" content=\"Personaliza tus camisetas de mujer o regala a qui\u00e9n m\u00e1s amas! Con Copicor, puedes ser s\u00faper creativo y tener muy estilo! Habla con nosotros.\" \/>\n<meta property=\"og:url\" content=\"http:\/\/copicor.com\/es\/producto\/camiseta-mujer\/\" \/>\n<meta property=\"og:site_name\" content=\"Copicor\" \/>\n<meta property=\"article:modified_time\" content=\"2022-11-16T11:53:39+00:00\" \/>\n<meta property=\"og:image\" content=\"http:\/\/copicor.com\/wp-content\/uploads\/2022\/09\/mulher05-scaled.jpg\" \/>\n\t<meta property=\"og:image:width\" content=\"2560\" \/>\n\t<meta property=\"og:image:height\" content=\"2560\" \/>\n\t<meta property=\"og:image:type\" content=\"image\/jpeg\" \/>\n<meta name=\"twitter:card\" content=\"summary_large_image\" \/>\n<script type=\"application\/ld+json\" class=\"yoast-schema-graph\">{\"@context\":\"https:\/\/schema.org\",\"@graph\":[{\"@type\":\"WebPage\",\"@id\":\"http:\/\/copicor.com\/es\/producto\/camiseta-mujer\/\",\"url\":\"http:\/\/copicor.com\/es\/producto\/camiseta-mujer\/\",\"name\":\"Camisetas Mujer - Personaliza a Tu Gusto! | Copicor\",\"isPartOf\":{\"@id\":\"https:\/\/copicor.com\/#website\"},\"datePublished\":\"2022-11-03T16:21:54+00:00\",\"dateModified\":\"2022-11-16T11:53:39+00:00\",\"description\":\"Personaliza tus camisetas de mujer o regala a qui\u00e9n m\u00e1s amas! Con Copicor, puedes ser s\u00faper creativo y tener muy estilo! Habla con nosotros.\",\"breadcrumb\":{\"@id\":\"http:\/\/copicor.com\/es\/producto\/camiseta-mujer\/#breadcrumb\"},\"inLanguage\":\"es\",\"potentialAction\":[{\"@type\":\"ReadAction\",\"target\":[\"http:\/\/copicor.com\/es\/producto\/camiseta-mujer\/\"]}]},{\"@type\":\"BreadcrumbList\",\"@id\":\"http:\/\/copicor.com\/es\/producto\/camiseta-mujer\/#breadcrumb\",\"itemListElement\":[{\"@type\":\"ListItem\",\"position\":1,\"name\":\"Home\",\"item\":\"https:\/\/copicor.com\/es\/\"},{\"@type\":\"ListItem\",\"position\":2,\"name\":\"Loja\",\"item\":\"https:\/\/copicor.com\/shop-slug\/\"},{\"@type\":\"ListItem\",\"position\":3,\"name\":\"CAMISETA MUJER\"}]},{\"@type\":\"WebSite\",\"@id\":\"https:\/\/copicor.com\/#website\",\"url\":\"https:\/\/copicor.com\/\",\"name\":\"Copicor\",\"description\":\"Copicor - Gr\u00e1ficos, Impresi\u00f3n y Personalizaci\u00f3n\",\"potentialAction\":[{\"@type\":\"SearchAction\",\"target\":{\"@type\":\"EntryPoint\",\"urlTemplate\":\"https:\/\/copicor.com\/?s={search_term_string}\"},\"query-input\":\"required name=search_term_string\"}],\"inLanguage\":\"es\"}]}<\/script>\n<!-- \/ Yoast SEO plugin. -->","yoast_head_json":{"title":"Camisetas Mujer - Personaliza a Tu Gusto! | Copicor","description":"Personaliza tus camisetas de mujer o regala a qui\u00e9n m\u00e1s amas! Con Copicor, puedes ser s\u00faper creativo y tener muy estilo! Habla con nosotros.","robots":{"index":"index","follow":"follow","max-snippet":"max-snippet:-1","max-image-preview":"max-image-preview:large","max-video-preview":"max-video-preview:-1"},"canonical":"http:\/\/copicor.com\/es\/producto\/camiseta-mujer\/","og_locale":"es_ES","og_type":"article","og_title":"Camisetas Mujer - Personaliza a Tu Gusto! | Copicor","og_description":"Personaliza tus camisetas de mujer o regala a qui\u00e9n m\u00e1s amas! Con Copicor, puedes ser s\u00faper creativo y tener muy estilo! Habla con nosotros.","og_url":"http:\/\/copicor.com\/es\/producto\/camiseta-mujer\/","og_site_name":"Copicor","article_modified_time":"2022-11-16T11:53:39+00:00","og_image":[{"width":2560,"height":2560,"url":"http:\/\/copicor.com\/wp-content\/uploads\/2022\/09\/mulher05-scaled.jpg","type":"image\/jpeg"}],"twitter_card":"summary_large_image","schema":{"@context":"https:\/\/schema.org","@graph":[{"@type":"WebPage","@id":"http:\/\/copicor.com\/es\/producto\/camiseta-mujer\/","url":"http:\/\/copicor.com\/es\/producto\/camiseta-mujer\/","name":"Camisetas Mujer - Personaliza a Tu Gusto! | Copicor","isPartOf":{"@id":"https:\/\/copicor.com\/#website"},"datePublished":"2022-11-03T16:21:54+00:00","dateModified":"2022-11-16T11:53:39+00:00","description":"Personaliza tus camisetas de mujer o regala a qui\u00e9n m\u00e1s amas! Con Copicor, puedes ser s\u00faper creativo y tener muy estilo! Habla con nosotros.","breadcrumb":{"@id":"http:\/\/copicor.com\/es\/producto\/camiseta-mujer\/#breadcrumb"},"inLanguage":"es","potentialAction":[{"@type":"ReadAction","target":["http:\/\/copicor.com\/es\/producto\/camiseta-mujer\/"]}]},{"@type":"BreadcrumbList","@id":"http:\/\/copicor.com\/es\/producto\/camiseta-mujer\/#breadcrumb","itemListElement":[{"@type":"ListItem","position":1,"name":"Home","item":"https:\/\/copicor.com\/es\/"},{"@type":"ListItem","position":2,"name":"Loja","item":"https:\/\/copicor.com\/shop-slug\/"},{"@type":"ListItem","position":3,"name":"CAMISETA MUJER"}]},{"@type":"WebSite","@id":"https:\/\/copicor.com\/#website","url":"https:\/\/copicor.com\/","name":"Copicor","description":"Copicor - Gr\u00e1ficos, Impresi\u00f3n y Personalizaci\u00f3n","potentialAction":[{"@type":"SearchAction","target":{"@type":"EntryPoint","urlTemplate":"https:\/\/copicor.com\/?s={search_term_string}"},"query-input":"required name=search_term_string"}],"inLanguage":"es"}]}},"_links":{"self":[{"href":"http:\/\/copicor.com\/es\/wp-json\/wp\/v2\/product\/7142","targetHints":{"allow":["GET"]}}],"collection":[{"href":"http:\/\/copicor.com\/es\/wp-json\/wp\/v2\/product"}],"about":[{"href":"http:\/\/copicor.com\/es\/wp-json\/wp\/v2\/types\/product"}],"wp:featuredmedia":[{"embeddable":true,"href":"http:\/\/copicor.com\/es\/wp-json\/wp\/v2\/media\/6919"}],"wp:attachment":[{"href":"http:\/\/copicor.com\/es\/wp-json\/wp\/v2\/media?parent=7142"}],"wp:term":[{"taxonomy":"product_cat","embeddable":true,"href":"http:\/\/copicor.com\/es\/wp-json\/wp\/v2\/product_cat?post=7142"},{"taxonomy":"product_tag","embeddable":true,"href":"http:\/\/copicor.com\/es\/wp-json\/wp\/v2\/product_tag?post=7142"}],"curies":[{"name":"wp","href":"https:\/\/api.w.org\/{rel}","templated":true}]}}