{"id":4757,"date":"2016-04-13T09:51:45","date_gmt":"2016-04-13T09:51:45","guid":{"rendered":"http:\/\/copicor.com\/contactos\/"},"modified":"2023-01-16T22:53:42","modified_gmt":"2023-01-16T22:53:42","slug":"contacts","status":"publish","type":"page","link":"https:\/\/copicor.com\/en\/contacts\/","title":{"rendered":"Contacts"},"content":{"rendered":"<div id=\"pl-4757\"  class=\"panel-layout\" ><div id=\"pg-4757-0\"  class=\"panel-grid panel-has-style\" ><div id=\"contact-form-section\" class=\"panel-row-style panel-row-style-for-4757-0\" ><div id=\"pgc-4757-0-0\"  class=\"panel-grid-cell\" ><div id=\"panel-4757-0-0-0\" class=\"so-panel widget widget_sow-editor panel-first-child panel-last-child\" data-index=\"0\" ><div class=\"txt-contact-print panel-widget-style panel-widget-style-for-4757-0-0-0\" ><div class=\"so-widget-sow-editor so-widget-sow-editor-base\">\n<div class=\"siteorigin-widget-tinymce textwidget\">\n\t<p>\t<i class=\"fa fa-home\" aria-hidden=\"true\"><\/i> <strong>Address:<\/strong> Rua de Aveiro, 189, 4900-495 Viana do Castelo<\/p>\n<p><i class=\"fa fa-phone\" aria-hidden=\"true\"><\/i> <strong>Phone:<\/strong> 258 828 173<\/p>\n<p><i class=\"fa fa-envelope\" aria-hidden=\"true\"><\/i> <strong>E-mail:<\/strong><a href=\"mailto:copicor@copicor.com\"> copicor@copicor.com<\/a><\/p>\n<p><i class=\"fa fa-globe\" aria-hidden=\"true\"><\/i> <strong>Website Hours:<\/strong><br \/>\nMonday to Sunday<br \/>\n00:00h to 23:59h<\/p>\n<p><i class=\"fa fa-hourglass-half\" aria-hidden=\"true\"><\/i> <strong>Customer Support Hours:<\/strong><br \/>\nMonday to Friday<br \/>\n09:00h to 13:00h<\/p>\n<\/div>\n<\/div><\/div><\/div><\/div><div id=\"pgc-4757-0-1\"  class=\"panel-grid-cell\" ><div id=\"panel-4757-0-1-0\" class=\"so-panel widget widget_sow-editor panel-first-child panel-last-child\" data-index=\"1\" ><div class=\"so-widget-sow-editor so-widget-sow-editor-base\">\n<div class=\"siteorigin-widget-tinymce textwidget\">\n\t<div role=\"form\" class=\"wpcf7\" id=\"wpcf7-f4755-o1\" lang=\"en-US\" dir=\"ltr\">\n<div class=\"screen-reader-response\"><p role=\"status\" aria-live=\"polite\" aria-atomic=\"true\"><\/p> <ul><\/ul><\/div>\n<form action=\"\/en\/wp-json\/wp\/v2\/pages\/4757#wpcf7-f4755-o1\" method=\"post\" class=\"wpcf7-form init\" novalidate=\"novalidate\" data-status=\"init\">\n<div style=\"display: none;\">\n<input type=\"hidden\" name=\"_wpcf7\" value=\"4755\" \/>\n<input type=\"hidden\" name=\"_wpcf7_version\" value=\"5.6.2\" \/>\n<input type=\"hidden\" name=\"_wpcf7_locale\" value=\"en_US\" \/>\n<input type=\"hidden\" name=\"_wpcf7_unit_tag\" value=\"wpcf7-f4755-o1\" \/>\n<input type=\"hidden\" name=\"_wpcf7_container_post\" value=\"0\" \/>\n<input type=\"hidden\" name=\"_wpcf7_posted_data_hash\" value=\"\" \/>\n<input type=\"hidden\" name=\"_wpcf7_recaptcha_response\" value=\"\" \/>\n<\/div>\n<div class=\"contact-left\">\n<p><span class=\"wpcf7-form-control-wrap\" data-name=\"your-message\"><textarea name=\"your-message\" cols=\"40\" rows=\"10\" class=\"wpcf7-form-control wpcf7-textarea wpcf7-validates-as-required\" aria-required=\"true\" aria-invalid=\"false\" placeholder=\"Message *\"><\/textarea><\/span><\/p>\n<\/div>\n<div class=\"contact-right\">\n<p><span class=\"wpcf7-form-control-wrap\" data-name=\"your-name\"><input type=\"text\" name=\"your-name\" value=\"\" size=\"40\" class=\"wpcf7-form-control wpcf7-text wpcf7-validates-as-required\" aria-required=\"true\" aria-invalid=\"false\" placeholder=\"Name*\" \/><\/span><\/p>\n<p><span class=\"wpcf7-form-control-wrap\" data-name=\"your-email\"><input type=\"email\" name=\"your-email\" value=\"\" size=\"40\" class=\"wpcf7-form-control wpcf7-text wpcf7-email wpcf7-validates-as-required wpcf7-validates-as-email\" aria-required=\"true\" aria-invalid=\"false\" placeholder=\"E-mail *\" \/><\/span><\/p>\n<p><span class=\"wpcf7-form-control-wrap\" data-name=\"your-subject\"><input type=\"text\" name=\"your-subject\" value=\"\" size=\"40\" class=\"wpcf7-form-control wpcf7-text wpcf7-validates-as-required\" aria-required=\"true\" aria-invalid=\"false\" placeholder=\"Subject*\" \/><\/span><\/p>\n<p><input type=\"submit\" value=\"Send\" class=\"wpcf7-form-control has-spinner wpcf7-submit\" \/><\/p>\n<\/div>\n<p class=\"aa\">\n<span class=\"wpcf7-form-control-wrap\" data-name=\"your-privacy\"><span class=\"wpcf7-form-control wpcf7-acceptance\"><span class=\"wpcf7-list-item\"><label><input type=\"checkbox\" name=\"your-privacy\" value=\"1\" aria-invalid=\"false\" \/><span class=\"wpcf7-list-item-label\">I read and accept the <a href=\"http:\/\/copicor.com\/en\/terms-and-conditions\/\" target=\"_blank\">Terms and Conditions<\/a> and the <a href=\"http:\/\/copicor.com\/en\/privacy-policy\/\" target=\"_blank\">Privacy Policy<\/a>.<\/span><\/label><\/span><\/span><\/span><\/p>\n<div class=\"wpcf7-response-output\" aria-hidden=\"true\"><\/div><\/form><\/div>\n<\/div>\n<\/div><\/div><\/div><\/div><\/div><div id=\"pg-4757-1\"  class=\"panel-grid panel-has-style\" ><div id=\"contact-form-section\" class=\"panel-row-style panel-row-style-for-4757-1\" ><div id=\"pgc-4757-1-0\"  class=\"panel-grid-cell\" ><div id=\"panel-4757-1-0-0\" class=\"so-panel widget widget_sow-editor panel-first-child panel-last-child\" data-index=\"2\" ><div class=\"so-widget-sow-editor so-widget-sow-editor-base\">\n<div class=\"siteorigin-widget-tinymce textwidget\">\n\t<p style=\"text-align: center;\"><strong>Valen\u00e7a<\/strong><\/p>\n<p style=\"text-align: center;\"><i class=\"fa fa-home\" aria-hidden=\"true\"><\/i> <strong>Morada:<\/strong> Av. S. Teot\u00f3nio, Ed. Lepanto, lj.25<\/p>\n<p style=\"text-align: center;\"><i class=\"fa fa-envelope\" aria-hidden=\"true\"><\/i> <strong>E-mail:<\/strong> valenca@copicor.com<\/p>\n<\/div>\n<\/div><\/div><\/div><div id=\"pgc-4757-1-1\"  class=\"panel-grid-cell\" ><div id=\"panel-4757-1-1-0\" class=\"so-panel widget widget_sow-editor panel-first-child panel-last-child\" data-index=\"3\" ><div class=\"so-widget-sow-editor so-widget-sow-editor-base\">\n<div class=\"siteorigin-widget-tinymce textwidget\">\n\t<p style=\"text-align: center;\"><strong>Mon\u00e7\u00e3o<\/strong><\/p>\n<p style=\"text-align: center;\"><i class=\"fa fa-home\" aria-hidden=\"true\"><\/i> <strong>Morada:<\/strong> Pra\u00e7a Deu-La-Deu, n\u00ba139<\/p>\n<p style=\"text-align: center;\"><i class=\"fa fa-envelope\" aria-hidden=\"true\"><\/i> <strong>E-mail:<\/strong> moncao@copicor.com<\/p>\n<\/div>\n<\/div><\/div><\/div><div id=\"pgc-4757-1-2\"  class=\"panel-grid-cell\" ><div id=\"panel-4757-1-2-0\" class=\"so-panel widget widget_sow-editor panel-first-child panel-last-child\" data-index=\"4\" ><div class=\"so-widget-sow-editor so-widget-sow-editor-base\">\n<div class=\"siteorigin-widget-tinymce textwidget\">\n\t<p style=\"text-align: center;\"><strong>Viana do Castelo<\/strong><\/p>\n<p style=\"text-align: center;\"><i class=\"fa fa-home\" aria-hidden=\"true\"><\/i> <strong>Morada:<\/strong> Rua de Aveiro, n\u00ba 189<\/p>\n<p style=\"text-align: center;\"><i class=\"fa fa-envelope\" aria-hidden=\"true\"><\/i> <strong>E-mail:<\/strong> copicor@copicor.com<\/p>\n<\/div>\n<\/div><\/div><\/div><div id=\"pgc-4757-1-3\"  class=\"panel-grid-cell\" ><div id=\"panel-4757-1-3-0\" class=\"so-panel widget widget_sow-editor panel-first-child panel-last-child\" data-index=\"5\" ><div class=\"so-widget-sow-editor so-widget-sow-editor-base\">\n<div class=\"siteorigin-widget-tinymce textwidget\">\n\t<p style=\"text-align: center;\"><strong>Tui<\/strong><\/p>\n<p style=\"text-align: center;\"><i class=\"fa fa-home\" aria-hidden=\"true\"><\/i> <strong>Morada:<\/strong> Calle Compostela, n\u00ba12<\/p>\n<p style=\"text-align: center;\"><i class=\"fa fa-envelope\" aria-hidden=\"true\"><\/i> <strong>E-mail:<\/strong> tui@copicor.com<\/p>\n<p style=\"text-align: center;\">\n<\/div>\n<\/div><\/div><\/div><\/div><\/div><\/div>","protected":false},"excerpt":{"rendered":"<p>Address: Rua de Aveiro, 189, 4900-495 Viana do Castelo Phone: 258 828 173 E-mail: copicor@copicor.com Website Hours: Monday to Sunday 00:00h to 23:59h Customer Support Hours: Monday to Friday 09:00h to 13:00h Valen\u00e7a Morada: Av. S. Teot\u00f3nio, Ed. Lepanto, lj.25 E-mail: valenca@copicor.com Mon\u00e7\u00e3o Morada: Pra\u00e7a Deu-La-Deu, n\u00ba139 E-mail: moncao@copicor.com Viana do Castelo Morada: Rua de [&hellip;]<\/p>\n","protected":false},"author":1,"featured_media":0,"parent":0,"menu_order":0,"comment_status":"closed","ping_status":"closed","template":"template-contactos.php","meta":{"footnotes":""},"class_list":["post-4757","page","type-page","status-publish","hentry"],"acf":[],"yoast_head":"<!-- This site is optimized with the Yoast SEO plugin v19.5.1 - https:\/\/yoast.com\/wordpress\/plugins\/seo\/ -->\n<title>Contacts of Graphic and Printing Company - Copicor<\/title>\n<meta name=\"description\" content=\"Use our customer support contacts for more information, between 9am and 1pm from Monday to Friday. Contact us!\" \/>\n<meta name=\"robots\" content=\"index, follow, max-snippet:-1, max-image-preview:large, max-video-preview:-1\" \/>\n<link rel=\"canonical\" href=\"https:\/\/copicor.com\/en\/contacts\/\" \/>\n<meta property=\"og:locale\" content=\"en_US\" \/>\n<meta property=\"og:type\" content=\"article\" \/>\n<meta property=\"og:title\" content=\"Contacts of Graphic and Printing Company - Copicor\" \/>\n<meta property=\"og:description\" content=\"Use our customer support contacts for more information, between 9am and 1pm from Monday to Friday. Contact us!\" \/>\n<meta property=\"og:url\" content=\"https:\/\/copicor.com\/en\/contacts\/\" \/>\n<meta property=\"og:site_name\" content=\"Copicor\" \/>\n<meta property=\"article:modified_time\" content=\"2023-01-16T22:53:42+00:00\" \/>\n<meta name=\"twitter:card\" content=\"summary_large_image\" \/>\n<meta name=\"twitter:label1\" content=\"Est. reading time\" \/>\n\t<meta name=\"twitter:data1\" content=\"1 minute\" \/>\n<script type=\"application\/ld+json\" class=\"yoast-schema-graph\">{\"@context\":\"https:\/\/schema.org\",\"@graph\":[{\"@type\":\"WebPage\",\"@id\":\"https:\/\/copicor.com\/en\/contacts\/\",\"url\":\"https:\/\/copicor.com\/en\/contacts\/\",\"name\":\"Contacts of Graphic and Printing Company - Copicor\",\"isPartOf\":{\"@id\":\"https:\/\/copicor.com\/#website\"},\"datePublished\":\"2016-04-13T09:51:45+00:00\",\"dateModified\":\"2023-01-16T22:53:42+00:00\",\"description\":\"Use our customer support contacts for more information, between 9am and 1pm from Monday to Friday. Contact us!\",\"breadcrumb\":{\"@id\":\"https:\/\/copicor.com\/en\/contacts\/#breadcrumb\"},\"inLanguage\":\"en-US\",\"potentialAction\":[{\"@type\":\"ReadAction\",\"target\":[\"https:\/\/copicor.com\/en\/contacts\/\"]}]},{\"@type\":\"BreadcrumbList\",\"@id\":\"https:\/\/copicor.com\/en\/contacts\/#breadcrumb\",\"itemListElement\":[{\"@type\":\"ListItem\",\"position\":1,\"name\":\"Home\",\"item\":\"https:\/\/copicor.com\/en\/\"},{\"@type\":\"ListItem\",\"position\":2,\"name\":\"Contacts\"}]},{\"@type\":\"WebSite\",\"@id\":\"https:\/\/copicor.com\/#website\",\"url\":\"https:\/\/copicor.com\/\",\"name\":\"Copicor\",\"description\":\"Copicor - Graphics, Printing and Personalization\",\"potentialAction\":[{\"@type\":\"SearchAction\",\"target\":{\"@type\":\"EntryPoint\",\"urlTemplate\":\"https:\/\/copicor.com\/?s={search_term_string}\"},\"query-input\":\"required name=search_term_string\"}],\"inLanguage\":\"en-US\"}]}<\/script>\n<!-- \/ Yoast SEO plugin. -->","yoast_head_json":{"title":"Contacts of Graphic and Printing Company - Copicor","description":"Use our customer support contacts for more information, between 9am and 1pm from Monday to Friday. Contact us!","robots":{"index":"index","follow":"follow","max-snippet":"max-snippet:-1","max-image-preview":"max-image-preview:large","max-video-preview":"max-video-preview:-1"},"canonical":"https:\/\/copicor.com\/en\/contacts\/","og_locale":"en_US","og_type":"article","og_title":"Contacts of Graphic and Printing Company - Copicor","og_description":"Use our customer support contacts for more information, between 9am and 1pm from Monday to Friday. Contact us!","og_url":"https:\/\/copicor.com\/en\/contacts\/","og_site_name":"Copicor","article_modified_time":"2023-01-16T22:53:42+00:00","twitter_card":"summary_large_image","twitter_misc":{"Est. reading time":"1 minute"},"schema":{"@context":"https:\/\/schema.org","@graph":[{"@type":"WebPage","@id":"https:\/\/copicor.com\/en\/contacts\/","url":"https:\/\/copicor.com\/en\/contacts\/","name":"Contacts of Graphic and Printing Company - Copicor","isPartOf":{"@id":"https:\/\/copicor.com\/#website"},"datePublished":"2016-04-13T09:51:45+00:00","dateModified":"2023-01-16T22:53:42+00:00","description":"Use our customer support contacts for more information, between 9am and 1pm from Monday to Friday. Contact us!","breadcrumb":{"@id":"https:\/\/copicor.com\/en\/contacts\/#breadcrumb"},"inLanguage":"en-US","potentialAction":[{"@type":"ReadAction","target":["https:\/\/copicor.com\/en\/contacts\/"]}]},{"@type":"BreadcrumbList","@id":"https:\/\/copicor.com\/en\/contacts\/#breadcrumb","itemListElement":[{"@type":"ListItem","position":1,"name":"Home","item":"https:\/\/copicor.com\/en\/"},{"@type":"ListItem","position":2,"name":"Contacts"}]},{"@type":"WebSite","@id":"https:\/\/copicor.com\/#website","url":"https:\/\/copicor.com\/","name":"Copicor","description":"Copicor - Graphics, Printing and Personalization","potentialAction":[{"@type":"SearchAction","target":{"@type":"EntryPoint","urlTemplate":"https:\/\/copicor.com\/?s={search_term_string}"},"query-input":"required name=search_term_string"}],"inLanguage":"en-US"}]}},"_links":{"self":[{"href":"https:\/\/copicor.com\/en\/wp-json\/wp\/v2\/pages\/4757","targetHints":{"allow":["GET"]}}],"collection":[{"href":"https:\/\/copicor.com\/en\/wp-json\/wp\/v2\/pages"}],"about":[{"href":"https:\/\/copicor.com\/en\/wp-json\/wp\/v2\/types\/page"}],"author":[{"embeddable":true,"href":"https:\/\/copicor.com\/en\/wp-json\/wp\/v2\/users\/1"}],"replies":[{"embeddable":true,"href":"https:\/\/copicor.com\/en\/wp-json\/wp\/v2\/comments?post=4757"}],"version-history":[{"count":11,"href":"https:\/\/copicor.com\/en\/wp-json\/wp\/v2\/pages\/4757\/revisions"}],"predecessor-version":[{"id":7847,"href":"https:\/\/copicor.com\/en\/wp-json\/wp\/v2\/pages\/4757\/revisions\/7847"}],"wp:attachment":[{"href":"https:\/\/copicor.com\/en\/wp-json\/wp\/v2\/media?parent=4757"}],"curies":[{"name":"wp","href":"https:\/\/api.w.org\/{rel}","templated":true}]}}