{"id":4102,"date":"2016-04-02T02:51:54","date_gmt":"2016-04-02T02:51:54","guid":{"rendered":"http:\/\/copicor.com\/mi-cuenta\/"},"modified":"2022-11-14T13:38:19","modified_gmt":"2022-11-14T13:38:19","slug":"area-de-clientes","status":"publish","type":"page","link":"https:\/\/copicor.com\/es\/area-de-clientes\/","title":{"rendered":"\u00c1rea de clientes"},"content":{"rendered":"<div class=\"woocommerce\"><\/div>\n","protected":false},"excerpt":{"rendered":"","protected":false},"author":1,"featured_media":0,"parent":0,"menu_order":0,"comment_status":"closed","ping_status":"closed","template":"","meta":{"footnotes":""},"class_list":["post-4102","page","type-page","status-publish","hentry"],"acf":[],"yoast_head":"<!-- This site is optimized with the Yoast SEO plugin v19.5.1 - https:\/\/yoast.com\/wordpress\/plugins\/seo\/ -->\n<title>\u00c1rea de Clientes de Gr\u00e1fica Online - Copicor<\/title>\n<meta name=\"description\" content=\"Acceda a la \u00e1rea de clientes para poder consultar y gestionar el estado de sus pedidos y detalles de su cuenta.\" \/>\n<meta name=\"robots\" content=\"index, follow, max-snippet:-1, max-image-preview:large, max-video-preview:-1\" \/>\n<link rel=\"canonical\" href=\"https:\/\/copicor.com\/es\/area-de-clientes\/\" \/>\n<meta property=\"og:locale\" content=\"es_ES\" \/>\n<meta property=\"og:type\" content=\"article\" \/>\n<meta property=\"og:title\" content=\"\u00c1rea de Clientes de Gr\u00e1fica Online - Copicor\" \/>\n<meta property=\"og:description\" content=\"Acceda a la \u00e1rea de clientes para poder consultar y gestionar el estado de sus pedidos y detalles de su cuenta.\" \/>\n<meta property=\"og:url\" content=\"https:\/\/copicor.com\/es\/area-de-clientes\/\" \/>\n<meta property=\"og:site_name\" content=\"Copicor\" \/>\n<meta property=\"article:modified_time\" content=\"2022-11-14T13:38:19+00:00\" \/>\n<meta name=\"twitter:card\" content=\"summary_large_image\" \/>\n<meta name=\"twitter:label1\" content=\"Tiempo de lectura\" \/>\n\t<meta name=\"twitter:data1\" content=\"1 minuto\" \/>\n<script type=\"application\/ld+json\" class=\"yoast-schema-graph\">{\"@context\":\"https:\/\/schema.org\",\"@graph\":[{\"@type\":\"WebPage\",\"@id\":\"https:\/\/copicor.com\/es\/area-de-clientes\/\",\"url\":\"https:\/\/copicor.com\/es\/area-de-clientes\/\",\"name\":\"\u00c1rea de Clientes de Gr\u00e1fica Online - Copicor\",\"isPartOf\":{\"@id\":\"https:\/\/copicor.com\/#website\"},\"datePublished\":\"2016-04-02T02:51:54+00:00\",\"dateModified\":\"2022-11-14T13:38:19+00:00\",\"description\":\"Acceda a la \u00e1rea de clientes para poder consultar y gestionar el estado de sus pedidos y detalles de su cuenta.\",\"breadcrumb\":{\"@id\":\"https:\/\/copicor.com\/es\/area-de-clientes\/#breadcrumb\"},\"inLanguage\":\"es\",\"potentialAction\":[{\"@type\":\"ReadAction\",\"target\":[\"https:\/\/copicor.com\/es\/area-de-clientes\/\"]}]},{\"@type\":\"BreadcrumbList\",\"@id\":\"https:\/\/copicor.com\/es\/area-de-clientes\/#breadcrumb\",\"itemListElement\":[{\"@type\":\"ListItem\",\"position\":1,\"name\":\"Home\",\"item\":\"http:\/\/copicor.com\/es\/\"},{\"@type\":\"ListItem\",\"position\":2,\"name\":\"\u00c1rea de clientes\"}]},{\"@type\":\"WebSite\",\"@id\":\"https:\/\/copicor.com\/#website\",\"url\":\"https:\/\/copicor.com\/\",\"name\":\"Copicor\",\"description\":\"Copicor - Gr\u00e1ficos, Impresi\u00f3n y Personalizaci\u00f3n\",\"potentialAction\":[{\"@type\":\"SearchAction\",\"target\":{\"@type\":\"EntryPoint\",\"urlTemplate\":\"https:\/\/copicor.com\/?s={search_term_string}\"},\"query-input\":\"required name=search_term_string\"}],\"inLanguage\":\"es\"}]}<\/script>\n<!-- \/ Yoast SEO plugin. -->","yoast_head_json":{"title":"\u00c1rea de Clientes de Gr\u00e1fica Online - Copicor","description":"Acceda a la \u00e1rea de clientes para poder consultar y gestionar el estado de sus pedidos y detalles de su cuenta.","robots":{"index":"index","follow":"follow","max-snippet":"max-snippet:-1","max-image-preview":"max-image-preview:large","max-video-preview":"max-video-preview:-1"},"canonical":"https:\/\/copicor.com\/es\/area-de-clientes\/","og_locale":"es_ES","og_type":"article","og_title":"\u00c1rea de Clientes de Gr\u00e1fica Online - Copicor","og_description":"Acceda a la \u00e1rea de clientes para poder consultar y gestionar el estado de sus pedidos y detalles de su cuenta.","og_url":"https:\/\/copicor.com\/es\/area-de-clientes\/","og_site_name":"Copicor","article_modified_time":"2022-11-14T13:38:19+00:00","twitter_card":"summary_large_image","twitter_misc":{"Tiempo de lectura":"1 minuto"},"schema":{"@context":"https:\/\/schema.org","@graph":[{"@type":"WebPage","@id":"https:\/\/copicor.com\/es\/area-de-clientes\/","url":"https:\/\/copicor.com\/es\/area-de-clientes\/","name":"\u00c1rea de Clientes de Gr\u00e1fica Online - Copicor","isPartOf":{"@id":"https:\/\/copicor.com\/#website"},"datePublished":"2016-04-02T02:51:54+00:00","dateModified":"2022-11-14T13:38:19+00:00","description":"Acceda a la \u00e1rea de clientes para poder consultar y gestionar el estado de sus pedidos y detalles de su cuenta.","breadcrumb":{"@id":"https:\/\/copicor.com\/es\/area-de-clientes\/#breadcrumb"},"inLanguage":"es","potentialAction":[{"@type":"ReadAction","target":["https:\/\/copicor.com\/es\/area-de-clientes\/"]}]},{"@type":"BreadcrumbList","@id":"https:\/\/copicor.com\/es\/area-de-clientes\/#breadcrumb","itemListElement":[{"@type":"ListItem","position":1,"name":"Home","item":"http:\/\/copicor.com\/es\/"},{"@type":"ListItem","position":2,"name":"\u00c1rea de clientes"}]},{"@type":"WebSite","@id":"https:\/\/copicor.com\/#website","url":"https:\/\/copicor.com\/","name":"Copicor","description":"Copicor - Gr\u00e1ficos, Impresi\u00f3n y Personalizaci\u00f3n","potentialAction":[{"@type":"SearchAction","target":{"@type":"EntryPoint","urlTemplate":"https:\/\/copicor.com\/?s={search_term_string}"},"query-input":"required name=search_term_string"}],"inLanguage":"es"}]}},"_links":{"self":[{"href":"https:\/\/copicor.com\/es\/wp-json\/wp\/v2\/pages\/4102","targetHints":{"allow":["GET"]}}],"collection":[{"href":"https:\/\/copicor.com\/es\/wp-json\/wp\/v2\/pages"}],"about":[{"href":"https:\/\/copicor.com\/es\/wp-json\/wp\/v2\/types\/page"}],"author":[{"embeddable":true,"href":"https:\/\/copicor.com\/es\/wp-json\/wp\/v2\/users\/1"}],"replies":[{"embeddable":true,"href":"https:\/\/copicor.com\/es\/wp-json\/wp\/v2\/comments?post=4102"}],"version-history":[{"count":1,"href":"https:\/\/copicor.com\/es\/wp-json\/wp\/v2\/pages\/4102\/revisions"}],"predecessor-version":[{"id":4666,"href":"https:\/\/copicor.com\/es\/wp-json\/wp\/v2\/pages\/4102\/revisions\/4666"}],"wp:attachment":[{"href":"https:\/\/copicor.com\/es\/wp-json\/wp\/v2\/media?parent=4102"}],"curies":[{"name":"wp","href":"https:\/\/api.w.org\/{rel}","templated":true}]}}