{"id":6769,"date":"2022-09-28T10:50:08","date_gmt":"2022-09-28T10:50:08","guid":{"rendered":"http:\/\/copicor.com\/product\/crachas\/"},"modified":"2022-11-16T11:59:32","modified_gmt":"2022-11-16T11:59:32","slug":"insignias-personalizadas","status":"publish","type":"product","link":"https:\/\/copicor.com\/es\/producto\/insignias-personalizadas\/","title":{"rendered":"CHAPAS"},"content":{"rendered":"<p>Las insignias met\u00e1licas son personalizables y pueden mostrar cualquier tipo de dise\u00f1o, incluyendo ilustraciones extravagantes, logotipos de marcas y cualquier cosa que pueda imaginar. Funcionan como una extensi\u00f3n de la personalidad de las personas y pueden servir como punto culminante de cualquier evento.<\/p>\n<p>Elija entre la variedad de dise\u00f1os que ofrecemos, o recurra a nuestro equipo de dise\u00f1o, donde nuestros profesionales realizar\u00e1n el dise\u00f1o m\u00e1s adecuado para usted y su obra.<\/p>\n","protected":false},"excerpt":{"rendered":"<ul>\n<li class=\"item002\"><strong>Material:<\/strong> Metal con pel\u00edcula exterior de pl\u00e1stico<\/li>\n<li class=\"item002\">Insignia met\u00e1lica con broche<\/li>\n<li class=\"item002\">Se puede personalizar una cara<\/li>\n<\/ul>\n","protected":false},"featured_media":6782,"template":"","meta":[],"product_cat":[334,364],"product_tag":[],"class_list":["post-6769","product","type-product","status-publish","has-post-thumbnail","hentry","product_cat-acessorios-personalizados-es","product_cat-crachas-es"],"acf":[],"yoast_head":"<!-- This site is optimized with the Yoast SEO plugin v19.5.1 - https:\/\/yoast.com\/wordpress\/plugins\/seo\/ -->\n<title>Insignias Personalizadas - Haz tu Dibujo! - Copicor<\/title>\n<meta name=\"description\" content=\"Las insignias personalizadas pueden mostrar cualquier tipo de dise\u00f1o, , incluyendo ilustraciones extravagantes y logotipos de marcas.\" \/>\n<meta name=\"robots\" content=\"index, follow, max-snippet:-1, max-image-preview:large, max-video-preview:-1\" \/>\n<link rel=\"canonical\" href=\"https:\/\/copicor.com\/es\/producto\/insignias-personalizadas\/\" \/>\n<meta property=\"og:locale\" content=\"es_ES\" \/>\n<meta property=\"og:type\" content=\"article\" \/>\n<meta property=\"og:title\" content=\"Insignias Personalizadas - Haz tu Dibujo! - Copicor\" \/>\n<meta property=\"og:description\" content=\"Las insignias personalizadas pueden mostrar cualquier tipo de dise\u00f1o, , incluyendo ilustraciones extravagantes y logotipos de marcas.\" \/>\n<meta property=\"og:url\" content=\"https:\/\/copicor.com\/es\/producto\/insignias-personalizadas\/\" \/>\n<meta property=\"og:site_name\" content=\"Copicor\" \/>\n<meta property=\"article:modified_time\" content=\"2022-11-16T11:59:32+00:00\" \/>\n<meta property=\"og:image\" content=\"https:\/\/copicor.com\/wp-content\/uploads\/2022\/09\/2329506-scaled.jpg\" \/>\n\t<meta property=\"og:image:width\" content=\"2560\" \/>\n\t<meta property=\"og:image:height\" content=\"2560\" \/>\n\t<meta property=\"og:image:type\" content=\"image\/jpeg\" \/>\n<meta name=\"twitter:card\" content=\"summary_large_image\" \/>\n<meta name=\"twitter:label1\" content=\"Tiempo de lectura\" \/>\n\t<meta name=\"twitter:data1\" content=\"1 minuto\" \/>\n<script type=\"application\/ld+json\" class=\"yoast-schema-graph\">{\"@context\":\"https:\/\/schema.org\",\"@graph\":[{\"@type\":\"WebPage\",\"@id\":\"https:\/\/copicor.com\/es\/producto\/insignias-personalizadas\/\",\"url\":\"https:\/\/copicor.com\/es\/producto\/insignias-personalizadas\/\",\"name\":\"Insignias Personalizadas - Haz tu Dibujo! - Copicor\",\"isPartOf\":{\"@id\":\"https:\/\/copicor.com\/#website\"},\"datePublished\":\"2022-09-28T10:50:08+00:00\",\"dateModified\":\"2022-11-16T11:59:32+00:00\",\"description\":\"Las insignias personalizadas pueden mostrar cualquier tipo de dise\u00f1o, , incluyendo ilustraciones extravagantes y logotipos de marcas.\",\"breadcrumb\":{\"@id\":\"https:\/\/copicor.com\/es\/producto\/insignias-personalizadas\/#breadcrumb\"},\"inLanguage\":\"es\",\"potentialAction\":[{\"@type\":\"ReadAction\",\"target\":[\"https:\/\/copicor.com\/es\/producto\/insignias-personalizadas\/\"]}]},{\"@type\":\"BreadcrumbList\",\"@id\":\"https:\/\/copicor.com\/es\/producto\/insignias-personalizadas\/#breadcrumb\",\"itemListElement\":[{\"@type\":\"ListItem\",\"position\":1,\"name\":\"Home\",\"item\":\"https:\/\/copicor.com\/es\/\"},{\"@type\":\"ListItem\",\"position\":2,\"name\":\"Loja\",\"item\":\"https:\/\/copicor.com\/shop-slug\/\"},{\"@type\":\"ListItem\",\"position\":3,\"name\":\"CHAPAS\"}]},{\"@type\":\"WebSite\",\"@id\":\"https:\/\/copicor.com\/#website\",\"url\":\"https:\/\/copicor.com\/\",\"name\":\"Copicor\",\"description\":\"Copicor - Gr\u00e1ficos, Impresi\u00f3n y Personalizaci\u00f3n\",\"potentialAction\":[{\"@type\":\"SearchAction\",\"target\":{\"@type\":\"EntryPoint\",\"urlTemplate\":\"https:\/\/copicor.com\/?s={search_term_string}\"},\"query-input\":\"required name=search_term_string\"}],\"inLanguage\":\"es\"}]}<\/script>\n<!-- \/ Yoast SEO plugin. -->","yoast_head_json":{"title":"Insignias Personalizadas - Haz tu Dibujo! - Copicor","description":"Las insignias personalizadas pueden mostrar cualquier tipo de dise\u00f1o, , incluyendo ilustraciones extravagantes y logotipos de marcas.","robots":{"index":"index","follow":"follow","max-snippet":"max-snippet:-1","max-image-preview":"max-image-preview:large","max-video-preview":"max-video-preview:-1"},"canonical":"https:\/\/copicor.com\/es\/producto\/insignias-personalizadas\/","og_locale":"es_ES","og_type":"article","og_title":"Insignias Personalizadas - Haz tu Dibujo! - Copicor","og_description":"Las insignias personalizadas pueden mostrar cualquier tipo de dise\u00f1o, , incluyendo ilustraciones extravagantes y logotipos de marcas.","og_url":"https:\/\/copicor.com\/es\/producto\/insignias-personalizadas\/","og_site_name":"Copicor","article_modified_time":"2022-11-16T11:59:32+00:00","og_image":[{"width":2560,"height":2560,"url":"https:\/\/copicor.com\/wp-content\/uploads\/2022\/09\/2329506-scaled.jpg","type":"image\/jpeg"}],"twitter_card":"summary_large_image","twitter_misc":{"Tiempo de lectura":"1 minuto"},"schema":{"@context":"https:\/\/schema.org","@graph":[{"@type":"WebPage","@id":"https:\/\/copicor.com\/es\/producto\/insignias-personalizadas\/","url":"https:\/\/copicor.com\/es\/producto\/insignias-personalizadas\/","name":"Insignias Personalizadas - Haz tu Dibujo! - Copicor","isPartOf":{"@id":"https:\/\/copicor.com\/#website"},"datePublished":"2022-09-28T10:50:08+00:00","dateModified":"2022-11-16T11:59:32+00:00","description":"Las insignias personalizadas pueden mostrar cualquier tipo de dise\u00f1o, , incluyendo ilustraciones extravagantes y logotipos de marcas.","breadcrumb":{"@id":"https:\/\/copicor.com\/es\/producto\/insignias-personalizadas\/#breadcrumb"},"inLanguage":"es","potentialAction":[{"@type":"ReadAction","target":["https:\/\/copicor.com\/es\/producto\/insignias-personalizadas\/"]}]},{"@type":"BreadcrumbList","@id":"https:\/\/copicor.com\/es\/producto\/insignias-personalizadas\/#breadcrumb","itemListElement":[{"@type":"ListItem","position":1,"name":"Home","item":"https:\/\/copicor.com\/es\/"},{"@type":"ListItem","position":2,"name":"Loja","item":"https:\/\/copicor.com\/shop-slug\/"},{"@type":"ListItem","position":3,"name":"CHAPAS"}]},{"@type":"WebSite","@id":"https:\/\/copicor.com\/#website","url":"https:\/\/copicor.com\/","name":"Copicor","description":"Copicor - Gr\u00e1ficos, Impresi\u00f3n y Personalizaci\u00f3n","potentialAction":[{"@type":"SearchAction","target":{"@type":"EntryPoint","urlTemplate":"https:\/\/copicor.com\/?s={search_term_string}"},"query-input":"required name=search_term_string"}],"inLanguage":"es"}]}},"_links":{"self":[{"href":"https:\/\/copicor.com\/es\/wp-json\/wp\/v2\/product\/6769","targetHints":{"allow":["GET"]}}],"collection":[{"href":"https:\/\/copicor.com\/es\/wp-json\/wp\/v2\/product"}],"about":[{"href":"https:\/\/copicor.com\/es\/wp-json\/wp\/v2\/types\/product"}],"wp:featuredmedia":[{"embeddable":true,"href":"https:\/\/copicor.com\/es\/wp-json\/wp\/v2\/media\/6782"}],"wp:attachment":[{"href":"https:\/\/copicor.com\/es\/wp-json\/wp\/v2\/media?parent=6769"}],"wp:term":[{"taxonomy":"product_cat","embeddable":true,"href":"https:\/\/copicor.com\/es\/wp-json\/wp\/v2\/product_cat?post=6769"},{"taxonomy":"product_tag","embeddable":true,"href":"https:\/\/copicor.com\/es\/wp-json\/wp\/v2\/product_tag?post=6769"}],"curies":[{"name":"wp","href":"https:\/\/api.w.org\/{rel}","templated":true}]}}